{"id":6927,"date":"2020-07-31T16:38:41","date_gmt":"2020-07-31T16:38:41","guid":{"rendered":"http:\/\/starterculturen.com\/?post_type=product&#038;p=6927"},"modified":"2026-03-15T18:22:31","modified_gmt":"2026-03-15T17:22:31","slug":"porkert-gehaktmolen-nl","status":"publish","type":"product","link":"https:\/\/startercultures.eu\/nl\/product\/worst-en-vleeswaren-nl\/hulpmiddelen-nl\/gehaktmolens-en-accessoires\/porkert-gehaktmolen-nl\/","title":{"rendered":"Porkert gehaktmolen | de enige echte"},"content":{"rendered":"<h3>Wat is een gehaktmolen?<\/h3>\n<p>Een <a href=\"https:\/\/nl.wikipedia.org\/wiki\/Gehaktmolen\" target=\"_blank\" rel=\"noopener\">gehaktmolen<\/a> maalt je vlees tot gehakt. Hij is voor alle soorten vlees te gebruiken. Dat gehakt gebruik je vervolgens als gehakt, of als basis voor je hamburger, pat\u00e9 of worst.<\/p>\n<h3>Waarom een Porkert gehaktmolen?<\/h3>\n<p>De Worstbijbel omschrijft de Porkert gehaktmolen als &#8216;de Ferrari onder de gehaktmolens&#8217;. Dat is niet voor niets. Deze oerdegelijke Tsjechische klassiekers gelden al 100 jaar als de absolute top voor de hobbymatige worstmaker. Uiteraard verkoopt Starterculturen.nl alleen dit merk.<\/p>\n<h3>Waar moet ik op letten bij het kopen van een gehaktmolen?<\/h3>\n<p>De maten, van klein naar groot, #5, #8 en #10 komen het meest voor. Sporadisch zul je een #12 tegenkomen, die is identiek aan #10. Wij adviseren minimaal een #8 of #10 te kopen. Groter werkt nu eenmaal prettiger en sneller. De #5 is zo klein dat je nieuwe hobby je al snel zal gaan tegenstaan.<\/p>\n<h3>Hoe onderhoud ik mijn Porkert gehaktmolen?<\/h3>\n<p>Je molen is gevoelig voor roest en dat geldt voor het mesje en de maalschijven nog meer. Was ze daarom niet in de vaatwasser, maar gewoon met heet water en zeepsop en droog al je onderdelen daarna zeer goed af voor je hem in elkaar zet of opbergt. Even nadrogen in een lauwe oven of lichtjes invetten werkt ook goed.<\/p>\n<h3>Wat heb ik verder nog nodig als ik worst wil gaan maken?<\/h3>\n<ul>\n<li>Een <a href=\"https:\/\/startercultures.eu\/nl\/product\/worst-en-vleeswaren-nl\/hulpmiddelen-nl\/gehaktmolens-en-accessoires\/vulhoorn-voor-gehaktmolen-nl\/\" target=\"_blank\" rel=\"noopener\">vulhoorn<\/a>. Een vulhoorn ziet eruit als een plastic of metalen pijpje van 10-15 centimeter lang. Andere termen zijn \u2018stophoorn\u2019, \u2018worstvulpijpje\u2019 of \u2018vultuit\u2019. Hiermee bouw je in \u00e9\u00e9n keer je gehaktmolen om tot worststopper.<\/li>\n<li>Een <a href=\"https:\/\/startercultures.eu\/nl\/product\/worst-en-vleeswaren-nl\/hulpmiddelen-nl\/gehaktmolens-en-accessoires\/houten-stamper-voor-gehaktmolen-nl\/\" target=\"_blank\" rel=\"noopener\">stamper<\/a>. Als je wilt voorkomen dat jouw vingers of die van je kinderen mee gedraaid worden in de worst is een houten stamper een handig accessoire. Hiermee duw je je vlees door de molen, in plaats van dat je er je vingers voor gebruikt.<\/li>\n<\/ul>\n<h3>Inhoud<\/h3>\n<ul>\n<li>1 Porkert gehaktmolen in de maten 8 of 10<\/li>\n<li>Inclusief mesje<\/li>\n<li>Inclusief 4,5 mm maalschijf<\/li>\n<\/ul>\n<h3 data-fontsize=\"21\" data-lineheight=\"27.3px\">Porkert gehaktmolen kopen?<\/h3>\n<p>Je bestelt de Porkert gehaktmolen bij starterculturen.nl, d\u00e9 webwinkel voor al je charcuterie, pat\u00e9 en worstingredi\u00ebnten. Van Meneer Wateetons de auteur van de standaardwerken <a href=\"https:\/\/startercultures.eu\/nl\/product-category\/boeken\/\" target=\"_blank\" rel=\"noopener noreferrer\">De Worstbijbel (2018) en Over Charcuterie (2019)<\/a> Op werkdagen voor 15:00 besteld, dezelfde dag verzonden. Vragen over het gebruik van de Porkert gehaktmolen? Stel ze via de chatfunctie. We komen er altijd uit.<\/p>\n<h3><img decoding=\"async\" class=\"lazyload wp-image-10940 alignright\" src=\"https:\/\/startercultures.eu\/wp-content\/uploads\/2021\/01\/workshop1-400-x-400-300x300.png\" data-orig-src=\"https:\/\/startercultures.eu\/wp-content\/uploads\/2021\/01\/workshop1-400-x-400-300x300.png\" alt=\"Worshop worst maken menee wateetons\" width=\"96\" height=\"96\" srcset=\"data:image\/svg+xml,%3Csvg%20xmlns%3D%27http%3A%2F%2Fwww.w3.org%2F2000%2Fsvg%27%20width%3D%2796%27%20height%3D%2796%27%20viewBox%3D%270%200%2096%2096%27%3E%3Crect%20width%3D%2796%27%20height%3D%2796%27%20fill-opacity%3D%220%22%2F%3E%3C%2Fsvg%3E\" data-srcset=\"https:\/\/startercultures.eu\/wp-content\/uploads\/2021\/01\/workshop1-400-x-400-66x66.png 66w, https:\/\/startercultures.eu\/wp-content\/uploads\/2021\/01\/workshop1-400-x-400-70x70.png 70w, https:\/\/startercultures.eu\/wp-content\/uploads\/2021\/01\/workshop1-400-x-400-100x100.png 100w, https:\/\/startercultures.eu\/wp-content\/uploads\/2021\/01\/workshop1-400-x-400-150x150.png 150w, https:\/\/startercultures.eu\/wp-content\/uploads\/2021\/01\/workshop1-400-x-400-200x200.png 200w, https:\/\/startercultures.eu\/wp-content\/uploads\/2021\/01\/workshop1-400-x-400-300x300.png 300w, https:\/\/startercultures.eu\/wp-content\/uploads\/2021\/01\/workshop1-400-x-400.png 400w\" data-sizes=\"auto\" data-orig-sizes=\"(max-width: 96px) 100vw, 96px\" \/>Online on demand workshop &#8216;maak je eigen worsten&#8217;<\/h3>\n<p>Tijdens onze <a href=\"https:\/\/startercultures.eu\/nl\/product\/online-workshops-nl\/online-workshop-worst-en-charcuterie\/online-on-demand-workshop-maak-je-eigen-worsten\/\" target=\"_blank\" rel=\"noopener\">online workshop<\/a> leer je de theorie en praktijk van het maken van verse worst. Wat gaat er in een worst, waar haal je de ingredi\u00ebnten, wat zijn de belangrijkste valkuilen en wat voor grappige dingen kun je doen met darmen. Je zult leren dat je weinig materialen nodig hebt en dat alle ingredi\u00ebnten makkelijk te krijgen zijn. Na afloop van de workshop ben je voortaan in staat je eigen worsten te maken! Kijk <a href=\"https:\/\/startercultures.eu\/nl\/product\/online-workshops-nl\/online-workshop-worst-en-charcuterie\/online-on-demand-workshop-maak-je-eigen-worsten\/\" target=\"_blank\" rel=\"noopener\">hier<\/a> voor meer info.<\/p>\n<p>[\/fusion_text][\/fusion_builder_column][\/fusion_builder_row][\/fusion_builder_container]<\/p>\n","protected":false},"excerpt":{"rendered":"<p>De Worstbijbel omschrijft de Porkert gehaktmolen als &#8216;de Ferrari onder de gehaktmolens&#8217;. Dat is niet voor niets. Deze oerdegelijke Tsjechische klassiekers gelden al 100 jaar als de absolute top voor de hobbymatige worstmaker.<\/p>\n","protected":false},"featured_media":21387,"comment_status":"open","ping_status":"closed","template":"","meta":{"_acf_changed":false,"footnotes":""},"product_brand":[],"product_cat":[576,62],"product_tag":[],"class_list":{"0":"post-6927","1":"product","2":"type-product","3":"status-publish","4":"has-post-thumbnail","6":"product_cat-gehaktmolens-en-accessoires","7":"product_cat-hulpmiddelen-nl","8":"pa_ean-8595017307003-nl","9":"pa_ean-8595017313004-nl","10":"pa_grinder-size-10-12","11":"pa_grinder-size-8-nl-2","13":"first","14":"instock","15":"taxable","16":"shipping-taxable","17":"purchasable","18":"product-type-variable","19":"has-default-attributes"},"acf":[],"yoast_head":"<!-- This site is optimized with the Yoast SEO plugin v26.6 - https:\/\/yoast.com\/wordpress\/plugins\/seo\/ -->\n<title>Porkert gehaktmolen voor zelf gehakt maken | starterculturen.nl<\/title>\n<meta name=\"description\" content=\"&#039;De Ferrari onder de gehaktmolens&#039;. Deze oerdegelijke Porkert gehaktmolen is al 100 jaar de top voor de worstmaker. Je koopt hem hier!\" \/>\n<meta name=\"robots\" content=\"index, follow, max-snippet:-1, max-image-preview:large, max-video-preview:-1\" \/>\n<link rel=\"canonical\" href=\"https:\/\/startercultures.eu\/nl\/product\/worst-en-vleeswaren-nl\/hulpmiddelen-nl\/gehaktmolens-en-accessoires\/porkert-gehaktmolen-nl\/\" \/>\n<meta property=\"og:locale\" content=\"nl_NL\" \/>\n<meta property=\"og:type\" content=\"article\" \/>\n<meta property=\"og:title\" content=\"Porkert gehaktmolen voor zelf gehakt maken | starterculturen.nl\" \/>\n<meta property=\"og:description\" content=\"&#039;De Ferrari onder de gehaktmolens&#039;. Deze oerdegelijke Porkert gehaktmolen is al 100 jaar de top voor de worstmaker. Je koopt hem hier!\" \/>\n<meta property=\"og:url\" content=\"https:\/\/startercultures.eu\/nl\/product\/worst-en-vleeswaren-nl\/hulpmiddelen-nl\/gehaktmolens-en-accessoires\/porkert-gehaktmolen-nl\/\" \/>\n<meta property=\"og:site_name\" content=\"Startercultures.eu\" \/>\n<meta property=\"article:publisher\" content=\"https:\/\/www.facebook.com\/startercultureseu\" \/>\n<meta property=\"article:modified_time\" content=\"2026-03-15T17:22:31+00:00\" \/>\n<meta property=\"og:image\" content=\"https:\/\/startercultures.eu\/wp-content\/uploads\/2020\/07\/Porkert-no-10-zij-removebg-preview.png\" \/>\n\t<meta property=\"og:image:width\" content=\"612\" \/>\n\t<meta property=\"og:image:height\" content=\"408\" \/>\n\t<meta property=\"og:image:type\" content=\"image\/png\" \/>\n<meta name=\"twitter:card\" content=\"summary_large_image\" \/>\n<meta name=\"twitter:label1\" content=\"Availability\" \/>\n\t<meta name=\"twitter:data1\" content=\"Op voorraad\" \/>\n<script type=\"application\/ld+json\" class=\"yoast-schema-graph\">{\"@context\":\"https:\/\/schema.org\",\"@graph\":[{\"@type\":\"WebPage\",\"@id\":\"https:\/\/startercultures.eu\/nl\/product\/worst-en-vleeswaren-nl\/hulpmiddelen-nl\/gehaktmolens-en-accessoires\/porkert-gehaktmolen-nl\/\",\"url\":\"https:\/\/startercultures.eu\/nl\/product\/worst-en-vleeswaren-nl\/hulpmiddelen-nl\/gehaktmolens-en-accessoires\/porkert-gehaktmolen-nl\/\",\"name\":\"Porkert gehaktmolen voor zelf gehakt maken | starterculturen.nl\",\"isPartOf\":{\"@id\":\"https:\/\/startercultures.eu\/nl\/#website\"},\"primaryImageOfPage\":{\"@id\":\"https:\/\/startercultures.eu\/nl\/product\/worst-en-vleeswaren-nl\/hulpmiddelen-nl\/gehaktmolens-en-accessoires\/porkert-gehaktmolen-nl\/#primaryimage\"},\"image\":{\"@id\":\"https:\/\/startercultures.eu\/nl\/product\/worst-en-vleeswaren-nl\/hulpmiddelen-nl\/gehaktmolens-en-accessoires\/porkert-gehaktmolen-nl\/#primaryimage\"},\"thumbnailUrl\":\"https:\/\/startercultures.eu\/wp-content\/uploads\/2020\/07\/Porkert-no-10-zij-removebg-preview.png\",\"datePublished\":\"2020-07-31T16:38:41+00:00\",\"dateModified\":\"2026-03-15T17:22:31+00:00\",\"description\":\"'De Ferrari onder de gehaktmolens'. Deze oerdegelijke Porkert gehaktmolen is al 100 jaar de top voor de worstmaker. Je koopt hem hier!\",\"breadcrumb\":{\"@id\":\"https:\/\/startercultures.eu\/nl\/product\/worst-en-vleeswaren-nl\/hulpmiddelen-nl\/gehaktmolens-en-accessoires\/porkert-gehaktmolen-nl\/#breadcrumb\"},\"inLanguage\":\"nl-NL\",\"potentialAction\":[{\"@type\":\"ReadAction\",\"target\":[\"https:\/\/startercultures.eu\/nl\/product\/worst-en-vleeswaren-nl\/hulpmiddelen-nl\/gehaktmolens-en-accessoires\/porkert-gehaktmolen-nl\/\"]}]},{\"@type\":\"ImageObject\",\"inLanguage\":\"nl-NL\",\"@id\":\"https:\/\/startercultures.eu\/nl\/product\/worst-en-vleeswaren-nl\/hulpmiddelen-nl\/gehaktmolens-en-accessoires\/porkert-gehaktmolen-nl\/#primaryimage\",\"url\":\"https:\/\/startercultures.eu\/wp-content\/uploads\/2020\/07\/Porkert-no-10-zij-removebg-preview.png\",\"contentUrl\":\"https:\/\/startercultures.eu\/wp-content\/uploads\/2020\/07\/Porkert-no-10-zij-removebg-preview.png\",\"width\":612,\"height\":408,\"caption\":\"Porkert-no-10\"},{\"@type\":\"BreadcrumbList\",\"@id\":\"https:\/\/startercultures.eu\/nl\/product\/worst-en-vleeswaren-nl\/hulpmiddelen-nl\/gehaktmolens-en-accessoires\/porkert-gehaktmolen-nl\/#breadcrumb\",\"itemListElement\":[{\"@type\":\"ListItem\",\"position\":1,\"name\":\"Home\",\"item\":\"https:\/\/startercultures.eu\/nl\/\"},{\"@type\":\"ListItem\",\"position\":2,\"name\":\"Winkel\",\"item\":\"https:\/\/startercultures.eu\/nl\/winkel\/\"},{\"@type\":\"ListItem\",\"position\":3,\"name\":\"Porkert gehaktmolen | de enige echte\"}]},{\"@type\":\"WebSite\",\"@id\":\"https:\/\/startercultures.eu\/nl\/#website\",\"url\":\"https:\/\/startercultures.eu\/nl\/\",\"name\":\"Startercultures.eu\",\"description\":\"Startercultures.eu\",\"publisher\":{\"@id\":\"https:\/\/startercultures.eu\/nl\/#organization\"},\"potentialAction\":[{\"@type\":\"SearchAction\",\"target\":{\"@type\":\"EntryPoint\",\"urlTemplate\":\"https:\/\/startercultures.eu\/nl\/?s={search_term_string}\"},\"query-input\":{\"@type\":\"PropertyValueSpecification\",\"valueRequired\":true,\"valueName\":\"search_term_string\"}}],\"inLanguage\":\"nl-NL\"},{\"@type\":\"Organization\",\"@id\":\"https:\/\/startercultures.eu\/nl\/#organization\",\"name\":\"Startercultures.eu\",\"url\":\"https:\/\/startercultures.eu\/nl\/\",\"logo\":{\"@type\":\"ImageObject\",\"inLanguage\":\"nl-NL\",\"@id\":\"https:\/\/startercultures.eu\/nl\/#\/schema\/logo\/image\/\",\"url\":\"https:\/\/startercultures.eu\/wp-content\/uploads\/2020\/08\/startercultures-eu-nl-logo-rond-rgb.png\",\"contentUrl\":\"https:\/\/startercultures.eu\/wp-content\/uploads\/2020\/08\/startercultures-eu-nl-logo-rond-rgb.png\",\"width\":320,\"height\":320,\"caption\":\"Startercultures.eu\"},\"image\":{\"@id\":\"https:\/\/startercultures.eu\/nl\/#\/schema\/logo\/image\/\"},\"sameAs\":[\"https:\/\/www.facebook.com\/startercultureseu\",\"https:\/\/www.instagram.com\/startercultures.eu\/\"]}]}<\/script>\n<meta property=\"og:availability\" content=\"instock\" \/>\n<meta property=\"product:availability\" content=\"instock\" \/>\n<meta property=\"product:retailer_item_id\" content=\"145\" \/>\n<meta property=\"product:condition\" content=\"new\" \/>\n<!-- \/ Yoast SEO plugin. -->","yoast_head_json":{"title":"Porkert gehaktmolen voor zelf gehakt maken | starterculturen.nl","description":"'De Ferrari onder de gehaktmolens'. Deze oerdegelijke Porkert gehaktmolen is al 100 jaar de top voor de worstmaker. Je koopt hem hier!","robots":{"index":"index","follow":"follow","max-snippet":"max-snippet:-1","max-image-preview":"max-image-preview:large","max-video-preview":"max-video-preview:-1"},"canonical":"https:\/\/startercultures.eu\/nl\/product\/worst-en-vleeswaren-nl\/hulpmiddelen-nl\/gehaktmolens-en-accessoires\/porkert-gehaktmolen-nl\/","og_locale":"nl_NL","og_type":"article","og_title":"Porkert gehaktmolen voor zelf gehakt maken | starterculturen.nl","og_description":"'De Ferrari onder de gehaktmolens'. Deze oerdegelijke Porkert gehaktmolen is al 100 jaar de top voor de worstmaker. Je koopt hem hier!","og_url":"https:\/\/startercultures.eu\/nl\/product\/worst-en-vleeswaren-nl\/hulpmiddelen-nl\/gehaktmolens-en-accessoires\/porkert-gehaktmolen-nl\/","og_site_name":"Startercultures.eu","article_publisher":"https:\/\/www.facebook.com\/startercultureseu","article_modified_time":"2026-03-15T17:22:31+00:00","og_image":[{"width":612,"height":408,"url":"https:\/\/startercultures.eu\/wp-content\/uploads\/2020\/07\/Porkert-no-10-zij-removebg-preview.png","type":"image\/png"}],"twitter_card":"summary_large_image","twitter_misc":{"Availability":"Op voorraad"},"schema":{"@context":"https:\/\/schema.org","@graph":[{"@type":"WebPage","@id":"https:\/\/startercultures.eu\/nl\/product\/worst-en-vleeswaren-nl\/hulpmiddelen-nl\/gehaktmolens-en-accessoires\/porkert-gehaktmolen-nl\/","url":"https:\/\/startercultures.eu\/nl\/product\/worst-en-vleeswaren-nl\/hulpmiddelen-nl\/gehaktmolens-en-accessoires\/porkert-gehaktmolen-nl\/","name":"Porkert gehaktmolen voor zelf gehakt maken | starterculturen.nl","isPartOf":{"@id":"https:\/\/startercultures.eu\/nl\/#website"},"primaryImageOfPage":{"@id":"https:\/\/startercultures.eu\/nl\/product\/worst-en-vleeswaren-nl\/hulpmiddelen-nl\/gehaktmolens-en-accessoires\/porkert-gehaktmolen-nl\/#primaryimage"},"image":{"@id":"https:\/\/startercultures.eu\/nl\/product\/worst-en-vleeswaren-nl\/hulpmiddelen-nl\/gehaktmolens-en-accessoires\/porkert-gehaktmolen-nl\/#primaryimage"},"thumbnailUrl":"https:\/\/startercultures.eu\/wp-content\/uploads\/2020\/07\/Porkert-no-10-zij-removebg-preview.png","datePublished":"2020-07-31T16:38:41+00:00","dateModified":"2026-03-15T17:22:31+00:00","description":"'De Ferrari onder de gehaktmolens'. Deze oerdegelijke Porkert gehaktmolen is al 100 jaar de top voor de worstmaker. Je koopt hem hier!","breadcrumb":{"@id":"https:\/\/startercultures.eu\/nl\/product\/worst-en-vleeswaren-nl\/hulpmiddelen-nl\/gehaktmolens-en-accessoires\/porkert-gehaktmolen-nl\/#breadcrumb"},"inLanguage":"nl-NL","potentialAction":[{"@type":"ReadAction","target":["https:\/\/startercultures.eu\/nl\/product\/worst-en-vleeswaren-nl\/hulpmiddelen-nl\/gehaktmolens-en-accessoires\/porkert-gehaktmolen-nl\/"]}]},{"@type":"ImageObject","inLanguage":"nl-NL","@id":"https:\/\/startercultures.eu\/nl\/product\/worst-en-vleeswaren-nl\/hulpmiddelen-nl\/gehaktmolens-en-accessoires\/porkert-gehaktmolen-nl\/#primaryimage","url":"https:\/\/startercultures.eu\/wp-content\/uploads\/2020\/07\/Porkert-no-10-zij-removebg-preview.png","contentUrl":"https:\/\/startercultures.eu\/wp-content\/uploads\/2020\/07\/Porkert-no-10-zij-removebg-preview.png","width":612,"height":408,"caption":"Porkert-no-10"},{"@type":"BreadcrumbList","@id":"https:\/\/startercultures.eu\/nl\/product\/worst-en-vleeswaren-nl\/hulpmiddelen-nl\/gehaktmolens-en-accessoires\/porkert-gehaktmolen-nl\/#breadcrumb","itemListElement":[{"@type":"ListItem","position":1,"name":"Home","item":"https:\/\/startercultures.eu\/nl\/"},{"@type":"ListItem","position":2,"name":"Winkel","item":"https:\/\/startercultures.eu\/nl\/winkel\/"},{"@type":"ListItem","position":3,"name":"Porkert gehaktmolen | de enige echte"}]},{"@type":"WebSite","@id":"https:\/\/startercultures.eu\/nl\/#website","url":"https:\/\/startercultures.eu\/nl\/","name":"Startercultures.eu","description":"Startercultures.eu","publisher":{"@id":"https:\/\/startercultures.eu\/nl\/#organization"},"potentialAction":[{"@type":"SearchAction","target":{"@type":"EntryPoint","urlTemplate":"https:\/\/startercultures.eu\/nl\/?s={search_term_string}"},"query-input":{"@type":"PropertyValueSpecification","valueRequired":true,"valueName":"search_term_string"}}],"inLanguage":"nl-NL"},{"@type":"Organization","@id":"https:\/\/startercultures.eu\/nl\/#organization","name":"Startercultures.eu","url":"https:\/\/startercultures.eu\/nl\/","logo":{"@type":"ImageObject","inLanguage":"nl-NL","@id":"https:\/\/startercultures.eu\/nl\/#\/schema\/logo\/image\/","url":"https:\/\/startercultures.eu\/wp-content\/uploads\/2020\/08\/startercultures-eu-nl-logo-rond-rgb.png","contentUrl":"https:\/\/startercultures.eu\/wp-content\/uploads\/2020\/08\/startercultures-eu-nl-logo-rond-rgb.png","width":320,"height":320,"caption":"Startercultures.eu"},"image":{"@id":"https:\/\/startercultures.eu\/nl\/#\/schema\/logo\/image\/"},"sameAs":["https:\/\/www.facebook.com\/startercultureseu","https:\/\/www.instagram.com\/startercultures.eu\/"]}]},"og_availability":"instock","product_availability":"instock","product_retailer_item_id":"145","product_condition":"new"},"_links":{"self":[{"href":"https:\/\/startercultures.eu\/nl\/wp-json\/wp\/v2\/product\/6927","targetHints":{"allow":["GET"]}}],"collection":[{"href":"https:\/\/startercultures.eu\/nl\/wp-json\/wp\/v2\/product"}],"about":[{"href":"https:\/\/startercultures.eu\/nl\/wp-json\/wp\/v2\/types\/product"}],"replies":[{"embeddable":true,"href":"https:\/\/startercultures.eu\/nl\/wp-json\/wp\/v2\/comments?post=6927"}],"version-history":[{"count":2,"href":"https:\/\/startercultures.eu\/nl\/wp-json\/wp\/v2\/product\/6927\/revisions"}],"predecessor-version":[{"id":66803,"href":"https:\/\/startercultures.eu\/nl\/wp-json\/wp\/v2\/product\/6927\/revisions\/66803"}],"wp:featuredmedia":[{"embeddable":true,"href":"https:\/\/startercultures.eu\/nl\/wp-json\/wp\/v2\/media\/21387"}],"wp:attachment":[{"href":"https:\/\/startercultures.eu\/nl\/wp-json\/wp\/v2\/media?parent=6927"}],"wp:term":[{"taxonomy":"product_brand","embeddable":true,"href":"https:\/\/startercultures.eu\/nl\/wp-json\/wp\/v2\/product_brand?post=6927"},{"taxonomy":"product_cat","embeddable":true,"href":"https:\/\/startercultures.eu\/nl\/wp-json\/wp\/v2\/product_cat?post=6927"},{"taxonomy":"product_tag","embeddable":true,"href":"https:\/\/startercultures.eu\/nl\/wp-json\/wp\/v2\/product_tag?post=6927"}],"curies":[{"name":"wp","href":"https:\/\/api.w.org\/{rel}","templated":true}]}}