{"id":6968,"date":"2020-07-31T16:39:09","date_gmt":"2020-07-31T16:39:09","guid":{"rendered":"http:\/\/starterculturen.com\/?post_type=product&#038;p=6968"},"modified":"2026-03-15T18:22:31","modified_gmt":"2026-03-15T17:22:31","slug":"vulhoorn-voor-gehaktmolen-nl","status":"publish","type":"product","link":"https:\/\/startercultures.eu\/nl\/product\/worst-en-vleeswaren-nl\/hulpmiddelen-nl\/vulhoorn-voor-gehaktmolen-nl\/","title":{"rendered":"Vulhoorn | voor gehaktmolen"},"content":{"rendered":"<p>Met onze vulhoorn voor gehaktmolen draai je de beste <a href=\"https:\/\/nl.wikipedia.org\/wiki\/Worst\" target=\"_blank\" rel=\"noopener\">worsten<\/a>.<\/p>\n<h3>Wat is een vulhoorn?<\/h3>\n<p>Een vulhoorn is een plastic of metalen pijpje van 10-15 centimeter lang. Hiermee bouw je in \u00e9\u00e9n keer je <a href=\"https:\/\/startercultures.eu\/nl\/product\/worst-en-vleeswaren-nl\/hulpmiddelen-nl\/gehaktmolens-en-accessoires\/porkert-gehaktmolen-nl\/\" target=\"_blank\" rel=\"noopener\">gehaktmolen<\/a> om tot worststopper.<\/p>\n<h3>Wat zijn andere namen voor een vulhoorn?<\/h3>\n<p>Andere veelgebruikte termen zijn &#8216;stophoorn\u2019, \u2018worstvulpijpje\u2019, &#8216;worststopper&#8217; of \u2018vultuit\u2019.<\/p>\n<h3>Inhoud<\/h3>\n<ul>\n<li>Een set van 3 pijpjes (voor verschillende diameters darm) voor een molen no. 8 of 10\/12. Van het beroemde Tsjechische merk Porkert.<\/li>\n<\/ul>\n<h3>Hoe weet ik welke maat molen ik heb?<\/h3>\n<p>Dat staat altijd in een heel groot cijfer op de zijkant van je molen. De meest gangbare maten zijn 5\/8\/10\/12. Let op, deze set is geschikt voor de maten no. 8 en 10\/12.<\/p>\n<h3>Ik heb een molen van een ander merk, past deze set dan ook?<\/h3>\n<p>Ja, alle maten no. 8 of 10\/12 hebben dezelfde grootte.<\/p>\n<h3>Wat zijn de diameters van de vulhoorns?<\/h3>\n<p>De diameter van het deel dat verbindt met de molen is respectievelijk 68 mm (maat 8) en 74 mm (maat 10).<\/p>\n<h3>Hoe gebruik ik een vulhoorn?<\/h3>\n<ol>\n<li>Haal na het malen en mengen het mesje en de plaat uit je gehaktmolen.<\/li>\n<li>Vervang die door de vulhoorn.<\/li>\n<li>Schroef de molen weer dicht.<\/li>\n<li>Het pijpje hangt een beetje los, maar dat geeft niet.<\/li>\n<li>Maal wat van het koude en goed gemengde vlees door de molen tot het n\u00e9t uit het pijpje komt.<\/li>\n<li>Stroop een goed geweekte darm volledig over het pijpje.<\/li>\n<li>Draai de molen rustig, terwijl je ondertussen met je handen of een stamper het vlees aanduwt en tegelijkertijd zorgt dat je darm egaal uitgevuld wordt.<\/li>\n<\/ol>\n<h3 data-fontsize=\"21\" data-lineheight=\"27.3px\"><span data-sheets-value=\"{&quot;1&quot;:2,&quot;2&quot;:&quot;Vulhoorn voor gehaktmolen&quot;}\" data-sheets-userformat=\"{&quot;2&quot;:15359,&quot;3&quot;:{&quot;1&quot;:0},&quot;4&quot;:{&quot;1&quot;:2,&quot;2&quot;:11447211},&quot;5&quot;:{&quot;1&quot;:[{&quot;1&quot;:2,&quot;2&quot;:0,&quot;5&quot;:{&quot;1&quot;:2,&quot;2&quot;:0}},{&quot;1&quot;:0,&quot;2&quot;:0,&quot;3&quot;:3},{&quot;1&quot;:1,&quot;2&quot;:0,&quot;4&quot;:1}]},&quot;6&quot;:{&quot;1&quot;:[{&quot;1&quot;:2,&quot;2&quot;:0,&quot;5&quot;:{&quot;1&quot;:2,&quot;2&quot;:0}},{&quot;1&quot;:0,&quot;2&quot;:0,&quot;3&quot;:3},{&quot;1&quot;:1,&quot;2&quot;:0,&quot;4&quot;:1}]},&quot;7&quot;:{&quot;1&quot;:[{&quot;1&quot;:2,&quot;2&quot;:0,&quot;5&quot;:{&quot;1&quot;:2,&quot;2&quot;:0}},{&quot;1&quot;:0,&quot;2&quot;:0,&quot;3&quot;:3},{&quot;1&quot;:1,&quot;2&quot;:0,&quot;4&quot;:1}]},&quot;8&quot;:{&quot;1&quot;:[{&quot;1&quot;:2,&quot;2&quot;:0,&quot;5&quot;:{&quot;1&quot;:2,&quot;2&quot;:0}},{&quot;1&quot;:0,&quot;2&quot;:0,&quot;3&quot;:3},{&quot;1&quot;:1,&quot;2&quot;:0,&quot;4&quot;:1}]},&quot;9&quot;:0,&quot;10&quot;:0,&quot;11&quot;:4,&quot;12&quot;:0,&quot;14&quot;:{&quot;1&quot;:3,&quot;3&quot;:1},&quot;15&quot;:&quot;Arial&quot;,&quot;16&quot;:9}\">Vulhoorn voor gehaktmolen<\/span> kopen?<\/h3>\n<p>Je bestelt de v<span data-sheets-value=\"{&quot;1&quot;:2,&quot;2&quot;:&quot;Vulhoorn voor gehaktmolen&quot;}\" data-sheets-userformat=\"{&quot;2&quot;:15359,&quot;3&quot;:{&quot;1&quot;:0},&quot;4&quot;:{&quot;1&quot;:2,&quot;2&quot;:11447211},&quot;5&quot;:{&quot;1&quot;:[{&quot;1&quot;:2,&quot;2&quot;:0,&quot;5&quot;:{&quot;1&quot;:2,&quot;2&quot;:0}},{&quot;1&quot;:0,&quot;2&quot;:0,&quot;3&quot;:3},{&quot;1&quot;:1,&quot;2&quot;:0,&quot;4&quot;:1}]},&quot;6&quot;:{&quot;1&quot;:[{&quot;1&quot;:2,&quot;2&quot;:0,&quot;5&quot;:{&quot;1&quot;:2,&quot;2&quot;:0}},{&quot;1&quot;:0,&quot;2&quot;:0,&quot;3&quot;:3},{&quot;1&quot;:1,&quot;2&quot;:0,&quot;4&quot;:1}]},&quot;7&quot;:{&quot;1&quot;:[{&quot;1&quot;:2,&quot;2&quot;:0,&quot;5&quot;:{&quot;1&quot;:2,&quot;2&quot;:0}},{&quot;1&quot;:0,&quot;2&quot;:0,&quot;3&quot;:3},{&quot;1&quot;:1,&quot;2&quot;:0,&quot;4&quot;:1}]},&quot;8&quot;:{&quot;1&quot;:[{&quot;1&quot;:2,&quot;2&quot;:0,&quot;5&quot;:{&quot;1&quot;:2,&quot;2&quot;:0}},{&quot;1&quot;:0,&quot;2&quot;:0,&quot;3&quot;:3},{&quot;1&quot;:1,&quot;2&quot;:0,&quot;4&quot;:1}]},&quot;9&quot;:0,&quot;10&quot;:0,&quot;11&quot;:4,&quot;12&quot;:0,&quot;14&quot;:{&quot;1&quot;:3,&quot;3&quot;:1},&quot;15&quot;:&quot;Arial&quot;,&quot;16&quot;:9}\">ulhoorn voor gehaktmolen<\/span> bij starterculturen.nl, d\u00e9 webwinkel voor al je charcuterie, pat\u00e9 en worstingredi\u00ebnten. Van Meneer Wateetons de auteur van de standaardwerken <a href=\"https:\/\/startercultures.eu\/nl\/product-category\/boeken\/\" target=\"_blank\" rel=\"noopener noreferrer\">De Worstbijbel (2018) en Over Charcuterie (2019)<\/a> Op werkdagen voor 15:00 besteld, dezelfde dag verzonden.\u00a0 Vragen over het gebruik van de vulhoorn? Stel ze via de chatfunctie. We komen er altijd uit.<\/p>\n<h3>Meer leren?<\/h3>\n<ul>\n<li>Lees voor je je je eigen droge worst gaat maken\u00a0<a href=\"https:\/\/startercultures.eu\/nl\/product\/boeken\/worstbijbel-2018-nl\/\" target=\"_blank\" rel=\"noopener noreferrer\" data-cke-saved-href=\"https:\/\/www.starterculturen.nl\/c-4266253\/boeken\/\">De Worstbijbel (2018).<\/a><\/li>\n<\/ul>\n<h3>Online on demand workshop &#8216;maak je eigen worsten&#8217;<\/h3>\n<p>Tijdens onze <a href=\"https:\/\/startercultures.eu\/nl\/product\/online-workshops-nl\/online-workshop-worst-en-charcuterie\/online-on-demand-workshop-maak-je-eigen-worsten\/\" target=\"_blank\" rel=\"noopener\">online workshop<\/a> leer je de theorie en praktijk van het maken van verse worst. Wat gaat er in een worst, waar haal je de ingredi\u00ebnten, wat zijn de belangrijkste valkuilen en wat voor grappige dingen kun je doen met darmen.\u00a0 Je zult leren dat je weinig materialen nodig hebt en dat alle ingredi\u00ebnten makkelijk te krijgen zijn. Na afloop van de workshop ben je voortaan in staat je eigen worsten te maken! Kijk <a href=\"https:\/\/startercultures.eu\/nl\/product\/online-workshops-nl\/online-workshop-worst-en-charcuterie\/online-on-demand-workshop-maak-je-eigen-worsten\/\" target=\"_blank\" rel=\"noopener\">hier<\/a> voor meer info.<\/p>\n","protected":false},"excerpt":{"rendered":"<p>Een vulhoorn is een plastic of metalen pijpje van 10-15 centimeter lang. Hiermee bouw je in \u00e9\u00e9n keer je gehaktmolen om tot worststopper.<\/p>\n","protected":false},"featured_media":14314,"comment_status":"open","ping_status":"closed","template":"","meta":{"_acf_changed":false,"footnotes":""},"product_brand":[],"product_cat":[576,62,588],"product_tag":[],"class_list":{"0":"post-6968","1":"product","2":"type-product","3":"status-publish","4":"has-post-thumbnail","6":"product_cat-gehaktmolens-en-accessoires","7":"product_cat-hulpmiddelen-nl","8":"product_cat-vullers","9":"pa_ean-8595017390005-nl","10":"pa_ean-8595017391002-nl","11":"pa_grinder-size-10-12","12":"pa_grinder-size-8-nl-2","14":"first","15":"instock","16":"taxable","17":"shipping-taxable","18":"purchasable","19":"product-type-variable","20":"has-default-attributes"},"acf":[],"yoast_head":"<!-- This site is optimized with the Yoast SEO plugin v26.6 - https:\/\/yoast.com\/wordpress\/plugins\/seo\/ -->\n<title>Vulhoorn voor gehaktmolen | starterculturen.nl<\/title>\n<meta name=\"description\" content=\"Een &#039;vulhoorn voor gehaktmolen&#039; is een plastic pijpje van 10-15 centimeter waarmee je een gehaktmolen tot worststopper omtovert. Pure magic!\" \/>\n<meta name=\"robots\" content=\"index, follow, max-snippet:-1, max-image-preview:large, max-video-preview:-1\" \/>\n<link rel=\"canonical\" href=\"https:\/\/startercultures.eu\/nl\/product\/worst-en-vleeswaren-nl\/hulpmiddelen-nl\/vulhoorn-voor-gehaktmolen-nl\/\" \/>\n<meta property=\"og:locale\" content=\"nl_NL\" \/>\n<meta property=\"og:type\" content=\"article\" \/>\n<meta property=\"og:title\" content=\"Vulhoorn voor gehaktmolen | starterculturen.nl\" \/>\n<meta property=\"og:description\" content=\"Een &#039;vulhoorn voor gehaktmolen&#039; is een plastic pijpje van 10-15 centimeter waarmee je een gehaktmolen tot worststopper omtovert. Pure magic!\" \/>\n<meta property=\"og:url\" content=\"https:\/\/startercultures.eu\/nl\/product\/worst-en-vleeswaren-nl\/hulpmiddelen-nl\/vulhoorn-voor-gehaktmolen-nl\/\" \/>\n<meta property=\"og:site_name\" content=\"Startercultures.eu\" \/>\n<meta property=\"article:publisher\" content=\"https:\/\/www.facebook.com\/startercultureseu\" \/>\n<meta property=\"article:modified_time\" content=\"2026-03-15T17:22:31+00:00\" \/>\n<meta property=\"og:image\" content=\"https:\/\/startercultures.eu\/wp-content\/uploads\/2020\/07\/Stuffing-tubes.jpg\" \/>\n\t<meta property=\"og:image:width\" content=\"800\" \/>\n\t<meta property=\"og:image:height\" content=\"800\" \/>\n\t<meta property=\"og:image:type\" content=\"image\/jpeg\" \/>\n<meta name=\"twitter:card\" content=\"summary_large_image\" \/>\n<meta name=\"twitter:label1\" content=\"Availability\" \/>\n\t<meta name=\"twitter:data1\" content=\"Op voorraad\" \/>\n<script type=\"application\/ld+json\" class=\"yoast-schema-graph\">{\"@context\":\"https:\/\/schema.org\",\"@graph\":[{\"@type\":\"WebPage\",\"@id\":\"https:\/\/startercultures.eu\/nl\/product\/worst-en-vleeswaren-nl\/hulpmiddelen-nl\/vulhoorn-voor-gehaktmolen-nl\/\",\"url\":\"https:\/\/startercultures.eu\/nl\/product\/worst-en-vleeswaren-nl\/hulpmiddelen-nl\/vulhoorn-voor-gehaktmolen-nl\/\",\"name\":\"Vulhoorn voor gehaktmolen | starterculturen.nl\",\"isPartOf\":{\"@id\":\"https:\/\/startercultures.eu\/nl\/#website\"},\"primaryImageOfPage\":{\"@id\":\"https:\/\/startercultures.eu\/nl\/product\/worst-en-vleeswaren-nl\/hulpmiddelen-nl\/vulhoorn-voor-gehaktmolen-nl\/#primaryimage\"},\"image\":{\"@id\":\"https:\/\/startercultures.eu\/nl\/product\/worst-en-vleeswaren-nl\/hulpmiddelen-nl\/vulhoorn-voor-gehaktmolen-nl\/#primaryimage\"},\"thumbnailUrl\":\"https:\/\/startercultures.eu\/wp-content\/uploads\/2020\/07\/Stuffing-tubes.jpg\",\"datePublished\":\"2020-07-31T16:39:09+00:00\",\"dateModified\":\"2026-03-15T17:22:31+00:00\",\"description\":\"Een 'vulhoorn voor gehaktmolen' is een plastic pijpje van 10-15 centimeter waarmee je een gehaktmolen tot worststopper omtovert. Pure magic!\",\"breadcrumb\":{\"@id\":\"https:\/\/startercultures.eu\/nl\/product\/worst-en-vleeswaren-nl\/hulpmiddelen-nl\/vulhoorn-voor-gehaktmolen-nl\/#breadcrumb\"},\"inLanguage\":\"nl-NL\",\"potentialAction\":[{\"@type\":\"ReadAction\",\"target\":[\"https:\/\/startercultures.eu\/nl\/product\/worst-en-vleeswaren-nl\/hulpmiddelen-nl\/vulhoorn-voor-gehaktmolen-nl\/\"]}]},{\"@type\":\"ImageObject\",\"inLanguage\":\"nl-NL\",\"@id\":\"https:\/\/startercultures.eu\/nl\/product\/worst-en-vleeswaren-nl\/hulpmiddelen-nl\/vulhoorn-voor-gehaktmolen-nl\/#primaryimage\",\"url\":\"https:\/\/startercultures.eu\/wp-content\/uploads\/2020\/07\/Stuffing-tubes.jpg\",\"contentUrl\":\"https:\/\/startercultures.eu\/wp-content\/uploads\/2020\/07\/Stuffing-tubes.jpg\",\"width\":800,\"height\":800,\"caption\":\"Stuffing tubes\"},{\"@type\":\"BreadcrumbList\",\"@id\":\"https:\/\/startercultures.eu\/nl\/product\/worst-en-vleeswaren-nl\/hulpmiddelen-nl\/vulhoorn-voor-gehaktmolen-nl\/#breadcrumb\",\"itemListElement\":[{\"@type\":\"ListItem\",\"position\":1,\"name\":\"Home\",\"item\":\"https:\/\/startercultures.eu\/nl\/\"},{\"@type\":\"ListItem\",\"position\":2,\"name\":\"Winkel\",\"item\":\"https:\/\/startercultures.eu\/nl\/winkel\/\"},{\"@type\":\"ListItem\",\"position\":3,\"name\":\"Vulhoorn | voor gehaktmolen\"}]},{\"@type\":\"WebSite\",\"@id\":\"https:\/\/startercultures.eu\/nl\/#website\",\"url\":\"https:\/\/startercultures.eu\/nl\/\",\"name\":\"Startercultures.eu\",\"description\":\"Startercultures.eu\",\"publisher\":{\"@id\":\"https:\/\/startercultures.eu\/nl\/#organization\"},\"potentialAction\":[{\"@type\":\"SearchAction\",\"target\":{\"@type\":\"EntryPoint\",\"urlTemplate\":\"https:\/\/startercultures.eu\/nl\/?s={search_term_string}\"},\"query-input\":{\"@type\":\"PropertyValueSpecification\",\"valueRequired\":true,\"valueName\":\"search_term_string\"}}],\"inLanguage\":\"nl-NL\"},{\"@type\":\"Organization\",\"@id\":\"https:\/\/startercultures.eu\/nl\/#organization\",\"name\":\"Startercultures.eu\",\"url\":\"https:\/\/startercultures.eu\/nl\/\",\"logo\":{\"@type\":\"ImageObject\",\"inLanguage\":\"nl-NL\",\"@id\":\"https:\/\/startercultures.eu\/nl\/#\/schema\/logo\/image\/\",\"url\":\"https:\/\/startercultures.eu\/wp-content\/uploads\/2020\/08\/startercultures-eu-nl-logo-rond-rgb.png\",\"contentUrl\":\"https:\/\/startercultures.eu\/wp-content\/uploads\/2020\/08\/startercultures-eu-nl-logo-rond-rgb.png\",\"width\":320,\"height\":320,\"caption\":\"Startercultures.eu\"},\"image\":{\"@id\":\"https:\/\/startercultures.eu\/nl\/#\/schema\/logo\/image\/\"},\"sameAs\":[\"https:\/\/www.facebook.com\/startercultureseu\",\"https:\/\/www.instagram.com\/startercultures.eu\/\"]}]}<\/script>\n<meta property=\"og:availability\" content=\"instock\" \/>\n<meta property=\"product:availability\" content=\"instock\" \/>\n<meta property=\"product:retailer_item_id\" content=\"142\" \/>\n<meta property=\"product:condition\" content=\"new\" \/>\n<!-- \/ Yoast SEO plugin. -->","yoast_head_json":{"title":"Vulhoorn voor gehaktmolen | starterculturen.nl","description":"Een 'vulhoorn voor gehaktmolen' is een plastic pijpje van 10-15 centimeter waarmee je een gehaktmolen tot worststopper omtovert. Pure magic!","robots":{"index":"index","follow":"follow","max-snippet":"max-snippet:-1","max-image-preview":"max-image-preview:large","max-video-preview":"max-video-preview:-1"},"canonical":"https:\/\/startercultures.eu\/nl\/product\/worst-en-vleeswaren-nl\/hulpmiddelen-nl\/vulhoorn-voor-gehaktmolen-nl\/","og_locale":"nl_NL","og_type":"article","og_title":"Vulhoorn voor gehaktmolen | starterculturen.nl","og_description":"Een 'vulhoorn voor gehaktmolen' is een plastic pijpje van 10-15 centimeter waarmee je een gehaktmolen tot worststopper omtovert. Pure magic!","og_url":"https:\/\/startercultures.eu\/nl\/product\/worst-en-vleeswaren-nl\/hulpmiddelen-nl\/vulhoorn-voor-gehaktmolen-nl\/","og_site_name":"Startercultures.eu","article_publisher":"https:\/\/www.facebook.com\/startercultureseu","article_modified_time":"2026-03-15T17:22:31+00:00","og_image":[{"width":800,"height":800,"url":"https:\/\/startercultures.eu\/wp-content\/uploads\/2020\/07\/Stuffing-tubes.jpg","type":"image\/jpeg"}],"twitter_card":"summary_large_image","twitter_misc":{"Availability":"Op voorraad"},"schema":{"@context":"https:\/\/schema.org","@graph":[{"@type":"WebPage","@id":"https:\/\/startercultures.eu\/nl\/product\/worst-en-vleeswaren-nl\/hulpmiddelen-nl\/vulhoorn-voor-gehaktmolen-nl\/","url":"https:\/\/startercultures.eu\/nl\/product\/worst-en-vleeswaren-nl\/hulpmiddelen-nl\/vulhoorn-voor-gehaktmolen-nl\/","name":"Vulhoorn voor gehaktmolen | starterculturen.nl","isPartOf":{"@id":"https:\/\/startercultures.eu\/nl\/#website"},"primaryImageOfPage":{"@id":"https:\/\/startercultures.eu\/nl\/product\/worst-en-vleeswaren-nl\/hulpmiddelen-nl\/vulhoorn-voor-gehaktmolen-nl\/#primaryimage"},"image":{"@id":"https:\/\/startercultures.eu\/nl\/product\/worst-en-vleeswaren-nl\/hulpmiddelen-nl\/vulhoorn-voor-gehaktmolen-nl\/#primaryimage"},"thumbnailUrl":"https:\/\/startercultures.eu\/wp-content\/uploads\/2020\/07\/Stuffing-tubes.jpg","datePublished":"2020-07-31T16:39:09+00:00","dateModified":"2026-03-15T17:22:31+00:00","description":"Een 'vulhoorn voor gehaktmolen' is een plastic pijpje van 10-15 centimeter waarmee je een gehaktmolen tot worststopper omtovert. Pure magic!","breadcrumb":{"@id":"https:\/\/startercultures.eu\/nl\/product\/worst-en-vleeswaren-nl\/hulpmiddelen-nl\/vulhoorn-voor-gehaktmolen-nl\/#breadcrumb"},"inLanguage":"nl-NL","potentialAction":[{"@type":"ReadAction","target":["https:\/\/startercultures.eu\/nl\/product\/worst-en-vleeswaren-nl\/hulpmiddelen-nl\/vulhoorn-voor-gehaktmolen-nl\/"]}]},{"@type":"ImageObject","inLanguage":"nl-NL","@id":"https:\/\/startercultures.eu\/nl\/product\/worst-en-vleeswaren-nl\/hulpmiddelen-nl\/vulhoorn-voor-gehaktmolen-nl\/#primaryimage","url":"https:\/\/startercultures.eu\/wp-content\/uploads\/2020\/07\/Stuffing-tubes.jpg","contentUrl":"https:\/\/startercultures.eu\/wp-content\/uploads\/2020\/07\/Stuffing-tubes.jpg","width":800,"height":800,"caption":"Stuffing tubes"},{"@type":"BreadcrumbList","@id":"https:\/\/startercultures.eu\/nl\/product\/worst-en-vleeswaren-nl\/hulpmiddelen-nl\/vulhoorn-voor-gehaktmolen-nl\/#breadcrumb","itemListElement":[{"@type":"ListItem","position":1,"name":"Home","item":"https:\/\/startercultures.eu\/nl\/"},{"@type":"ListItem","position":2,"name":"Winkel","item":"https:\/\/startercultures.eu\/nl\/winkel\/"},{"@type":"ListItem","position":3,"name":"Vulhoorn | voor gehaktmolen"}]},{"@type":"WebSite","@id":"https:\/\/startercultures.eu\/nl\/#website","url":"https:\/\/startercultures.eu\/nl\/","name":"Startercultures.eu","description":"Startercultures.eu","publisher":{"@id":"https:\/\/startercultures.eu\/nl\/#organization"},"potentialAction":[{"@type":"SearchAction","target":{"@type":"EntryPoint","urlTemplate":"https:\/\/startercultures.eu\/nl\/?s={search_term_string}"},"query-input":{"@type":"PropertyValueSpecification","valueRequired":true,"valueName":"search_term_string"}}],"inLanguage":"nl-NL"},{"@type":"Organization","@id":"https:\/\/startercultures.eu\/nl\/#organization","name":"Startercultures.eu","url":"https:\/\/startercultures.eu\/nl\/","logo":{"@type":"ImageObject","inLanguage":"nl-NL","@id":"https:\/\/startercultures.eu\/nl\/#\/schema\/logo\/image\/","url":"https:\/\/startercultures.eu\/wp-content\/uploads\/2020\/08\/startercultures-eu-nl-logo-rond-rgb.png","contentUrl":"https:\/\/startercultures.eu\/wp-content\/uploads\/2020\/08\/startercultures-eu-nl-logo-rond-rgb.png","width":320,"height":320,"caption":"Startercultures.eu"},"image":{"@id":"https:\/\/startercultures.eu\/nl\/#\/schema\/logo\/image\/"},"sameAs":["https:\/\/www.facebook.com\/startercultureseu","https:\/\/www.instagram.com\/startercultures.eu\/"]}]},"og_availability":"instock","product_availability":"instock","product_retailer_item_id":"142","product_condition":"new"},"_links":{"self":[{"href":"https:\/\/startercultures.eu\/nl\/wp-json\/wp\/v2\/product\/6968","targetHints":{"allow":["GET"]}}],"collection":[{"href":"https:\/\/startercultures.eu\/nl\/wp-json\/wp\/v2\/product"}],"about":[{"href":"https:\/\/startercultures.eu\/nl\/wp-json\/wp\/v2\/types\/product"}],"replies":[{"embeddable":true,"href":"https:\/\/startercultures.eu\/nl\/wp-json\/wp\/v2\/comments?post=6968"}],"version-history":[{"count":0,"href":"https:\/\/startercultures.eu\/nl\/wp-json\/wp\/v2\/product\/6968\/revisions"}],"wp:featuredmedia":[{"embeddable":true,"href":"https:\/\/startercultures.eu\/nl\/wp-json\/wp\/v2\/media\/14314"}],"wp:attachment":[{"href":"https:\/\/startercultures.eu\/nl\/wp-json\/wp\/v2\/media?parent=6968"}],"wp:term":[{"taxonomy":"product_brand","embeddable":true,"href":"https:\/\/startercultures.eu\/nl\/wp-json\/wp\/v2\/product_brand?post=6968"},{"taxonomy":"product_cat","embeddable":true,"href":"https:\/\/startercultures.eu\/nl\/wp-json\/wp\/v2\/product_cat?post=6968"},{"taxonomy":"product_tag","embeddable":true,"href":"https:\/\/startercultures.eu\/nl\/wp-json\/wp\/v2\/product_tag?post=6968"}],"curies":[{"name":"wp","href":"https:\/\/api.w.org\/{rel}","templated":true}]}}