{"id":6997,"date":"2020-07-31T16:39:31","date_gmt":"2020-07-31T16:39:31","guid":{"rendered":"http:\/\/starterculturen.com\/?post_type=product&#038;p=6997"},"modified":"2026-04-06T15:10:22","modified_gmt":"2026-04-06T13:10:22","slug":"koks-en-slagers-snijvaste-veiligheidshandschoenen-nl","status":"publish","type":"product","link":"https:\/\/startercultures.eu\/nl\/product\/worst-en-vleeswaren-nl\/hulpmiddelen-nl\/koks-en-slagers-snijvaste-veiligheidshandschoenen-nl\/","title":{"rendered":"Koks- en slagers veiligheidshandschoenen | snijvast"},"content":{"rendered":"<p>Veiligheidshandschoenen, in de maten kokki, chef, en beenhouwer.<\/p>\n<h3>Waarom deze veiligheidshandschoenen?<\/h3>\n<p>Werken in de keuken vereist goede scherpe messen. Maar die brengen ook het gevaar met zich mee dat je je snijdt. Met deze handschoenen hoef je daar niet bang meer voor te zijn. Zelfs met het scherpste mes snij je er niet doorheen, terwijl ze toch flexibel en stretchy zijn\u00a0en als gegoten om je hand zitten.<\/p>\n<h3>Waar kun je de\u00a0veiligheidshandschoenen nog meer voor gebruiken?<\/h3>\n<p>Je kunt de veiligheidshandschoenen gebruiken bij het koken, maar ook vissen, werken aan de auto of andere klusjes waar je het gevaar loopt jezelf te snijden. Vanuit voedselveiligheidsoverwegingen is het beter om voor elk aparte handschoenen te hebben.<\/p>\n<h3>Inhoud<\/h3>\n<ul>\n<li>1 paar veiligheidshandschoenen<\/li>\n<li>Materiaal\u00a0HPPE (<a href=\"https:\/\/en.wikipedia.org\/wiki\/Polyethylene\" target=\"_blank\" rel=\"noopener\">High pressure polyethyleen<\/a>)<\/li>\n<li>In de maten M, L en XL<\/li>\n<li>Let op, ze vallen vrij klein<\/li>\n<\/ul>\n<h3 data-fontsize=\"21\" data-lineheight=\"27.3px\"><span data-sheets-value=\"{&quot;1&quot;:2,&quot;2&quot;:&quot;veiligheidshandschoenen&quot;}\" data-sheets-userformat=\"{&quot;2&quot;:41981,&quot;3&quot;:{&quot;1&quot;:0},&quot;5&quot;:{&quot;1&quot;:[{&quot;1&quot;:2,&quot;2&quot;:0,&quot;5&quot;:{&quot;1&quot;:2,&quot;2&quot;:0}},{&quot;1&quot;:0,&quot;2&quot;:0,&quot;3&quot;:3},{&quot;1&quot;:1,&quot;2&quot;:0,&quot;4&quot;:1}]},&quot;6&quot;:{&quot;1&quot;:[{&quot;1&quot;:2,&quot;2&quot;:0,&quot;5&quot;:{&quot;1&quot;:2,&quot;2&quot;:0}},{&quot;1&quot;:0,&quot;2&quot;:0,&quot;3&quot;:3},{&quot;1&quot;:1,&quot;2&quot;:0,&quot;4&quot;:1}]},&quot;7&quot;:{&quot;1&quot;:[{&quot;1&quot;:2,&quot;2&quot;:0,&quot;5&quot;:{&quot;1&quot;:2,&quot;2&quot;:0}},{&quot;1&quot;:0,&quot;2&quot;:0,&quot;3&quot;:3},{&quot;1&quot;:1,&quot;2&quot;:0,&quot;4&quot;:1}]},&quot;8&quot;:{&quot;1&quot;:[{&quot;1&quot;:2,&quot;2&quot;:0,&quot;5&quot;:{&quot;1&quot;:2,&quot;2&quot;:0}},{&quot;1&quot;:0,&quot;2&quot;:0,&quot;3&quot;:3},{&quot;1&quot;:1,&quot;2&quot;:0,&quot;4&quot;:1}]},&quot;9&quot;:0,&quot;10&quot;:0,&quot;11&quot;:4,&quot;12&quot;:0,&quot;16&quot;:9,&quot;18&quot;:1}\">Veiligheidshandschoenen<\/span> kopen?<\/h3>\n<p>Je bestelt bij starterculturen.nl, d\u00e9 webwinkel voor al je charcuterie, pat\u00e9 en worstingredi\u00ebnten. Van Meneer Wateetons de auteur van de standaardwerken <a href=\"https:\/\/startercultures.eu\/nl\/product-category\/boeken\/\" target=\"_blank\" rel=\"noopener noreferrer\">De Worstbijbel (2018) en Over Charcuterie (2019)<\/a> Op werkdagen voor 15:00 besteld, dezelfde dag verzonden.\u00a0 Vragen over het gebruik van de <span data-sheets-value=\"{&quot;1&quot;:2,&quot;2&quot;:&quot;veiligheidshandschoenen&quot;}\" data-sheets-userformat=\"{&quot;2&quot;:41981,&quot;3&quot;:{&quot;1&quot;:0},&quot;5&quot;:{&quot;1&quot;:[{&quot;1&quot;:2,&quot;2&quot;:0,&quot;5&quot;:{&quot;1&quot;:2,&quot;2&quot;:0}},{&quot;1&quot;:0,&quot;2&quot;:0,&quot;3&quot;:3},{&quot;1&quot;:1,&quot;2&quot;:0,&quot;4&quot;:1}]},&quot;6&quot;:{&quot;1&quot;:[{&quot;1&quot;:2,&quot;2&quot;:0,&quot;5&quot;:{&quot;1&quot;:2,&quot;2&quot;:0}},{&quot;1&quot;:0,&quot;2&quot;:0,&quot;3&quot;:3},{&quot;1&quot;:1,&quot;2&quot;:0,&quot;4&quot;:1}]},&quot;7&quot;:{&quot;1&quot;:[{&quot;1&quot;:2,&quot;2&quot;:0,&quot;5&quot;:{&quot;1&quot;:2,&quot;2&quot;:0}},{&quot;1&quot;:0,&quot;2&quot;:0,&quot;3&quot;:3},{&quot;1&quot;:1,&quot;2&quot;:0,&quot;4&quot;:1}]},&quot;8&quot;:{&quot;1&quot;:[{&quot;1&quot;:2,&quot;2&quot;:0,&quot;5&quot;:{&quot;1&quot;:2,&quot;2&quot;:0}},{&quot;1&quot;:0,&quot;2&quot;:0,&quot;3&quot;:3},{&quot;1&quot;:1,&quot;2&quot;:0,&quot;4&quot;:1}]},&quot;9&quot;:0,&quot;10&quot;:0,&quot;11&quot;:4,&quot;12&quot;:0,&quot;16&quot;:9,&quot;18&quot;:1}\">handschoenen<\/span>? Stel ze via de chatfunctie. We komen er altijd uit.<\/p>\n<h3>Online on demand workshop &#8216;maak je eigen worsten&#8217;<\/h3>\n<p>Tijdens onze <a href=\"https:\/\/startercultures.eu\/nl\/product\/online-workshops-nl\/online-workshop-worst-en-charcuterie\/online-on-demand-workshop-maak-je-eigen-worsten\/\" target=\"_blank\" rel=\"noopener\">online workshop<\/a> leer je de theorie en praktijk van het maken van verse worst. Wat gaat er in een worst, waar haal je de ingredi\u00ebnten, wat zijn de belangrijkste valkuilen en wat voor grappige dingen kun je doen met darmen.\u00a0 Je zult leren dat je weinig materialen nodig hebt en dat alle ingredi\u00ebnten makkelijk te krijgen zijn. Na afloop van de workshop ben je voortaan in staat je eigen worsten te maken! Kijk <a href=\"https:\/\/startercultures.eu\/nl\/product\/online-workshops-nl\/online-workshop-worst-en-charcuterie\/online-on-demand-workshop-maak-je-eigen-worsten\/\" target=\"_blank\" rel=\"noopener\">hier<\/a> voor meer info.<\/p>\n","protected":false},"excerpt":{"rendered":"<p>Safety first! Werken in de keuken vereist goede scherpe messen. Met deze koks veiligheidshandschoenen snijd je jezelf nooit meer.<\/p>\n","protected":false},"featured_media":14538,"comment_status":"open","ping_status":"closed","template":"","meta":{"_acf_changed":false,"footnotes":""},"product_brand":[],"product_cat":[591,32,62],"product_tag":[],"class_list":{"0":"post-6997","1":"product","2":"type-product","3":"status-publish","4":"has-post-thumbnail","6":"product_cat-charcuterie-nl","7":"product_cat-groente-nl","8":"product_cat-hulpmiddelen-nl","9":"pa_ean-8720297620867-nl","10":"pa_ean-8720297620874-nl","11":"pa_ean-8720297620881-nl","12":"pa_size-l-nl","13":"pa_size-m-nl","14":"pa_size-xl-nl","16":"first","17":"instock","18":"taxable","19":"shipping-taxable","20":"purchasable","21":"product-type-variable","22":"has-default-attributes"},"acf":[],"yoast_head":"<!-- This site is optimized with the Yoast SEO plugin v26.6 - https:\/\/yoast.com\/wordpress\/plugins\/seo\/ -->\n<title>Veiligheidshandschoenen voor veilig werken | starterculturen.nl<\/title>\n<meta name=\"description\" content=\"Safety first! Werken in de keuken vereist goede scherpe messen. Met deze koks veiligheidshandschoenen snijd je jezelf nooit meer.\" \/>\n<meta name=\"robots\" content=\"index, follow, max-snippet:-1, max-image-preview:large, max-video-preview:-1\" \/>\n<link rel=\"canonical\" href=\"https:\/\/startercultures.eu\/nl\/product\/worst-en-vleeswaren-nl\/hulpmiddelen-nl\/koks-en-slagers-snijvaste-veiligheidshandschoenen-nl\/\" \/>\n<meta property=\"og:locale\" content=\"nl_NL\" \/>\n<meta property=\"og:type\" content=\"article\" \/>\n<meta property=\"og:title\" content=\"Veiligheidshandschoenen voor veilig werken | starterculturen.nl\" \/>\n<meta property=\"og:description\" content=\"Safety first! Werken in de keuken vereist goede scherpe messen. Met deze koks veiligheidshandschoenen snijd je jezelf nooit meer.\" \/>\n<meta property=\"og:url\" content=\"https:\/\/startercultures.eu\/nl\/product\/worst-en-vleeswaren-nl\/hulpmiddelen-nl\/koks-en-slagers-snijvaste-veiligheidshandschoenen-nl\/\" \/>\n<meta property=\"og:site_name\" content=\"Startercultures.eu\" \/>\n<meta property=\"article:publisher\" content=\"https:\/\/www.facebook.com\/startercultureseu\" \/>\n<meta property=\"article:modified_time\" content=\"2026-04-06T13:10:22+00:00\" \/>\n<meta property=\"og:image\" content=\"https:\/\/startercultures.eu\/wp-content\/uploads\/2021\/01\/Safety-gloves.png\" \/>\n\t<meta property=\"og:image:width\" content=\"992\" \/>\n\t<meta property=\"og:image:height\" content=\"744\" \/>\n\t<meta property=\"og:image:type\" content=\"image\/png\" \/>\n<meta name=\"twitter:card\" content=\"summary_large_image\" \/>\n<meta name=\"twitter:label1\" content=\"Availability\" \/>\n\t<meta name=\"twitter:data1\" content=\"Op voorraad\" \/>\n<script type=\"application\/ld+json\" class=\"yoast-schema-graph\">{\"@context\":\"https:\/\/schema.org\",\"@graph\":[{\"@type\":\"WebPage\",\"@id\":\"https:\/\/startercultures.eu\/nl\/product\/worst-en-vleeswaren-nl\/hulpmiddelen-nl\/koks-en-slagers-snijvaste-veiligheidshandschoenen-nl\/\",\"url\":\"https:\/\/startercultures.eu\/nl\/product\/worst-en-vleeswaren-nl\/hulpmiddelen-nl\/koks-en-slagers-snijvaste-veiligheidshandschoenen-nl\/\",\"name\":\"Veiligheidshandschoenen voor veilig werken | starterculturen.nl\",\"isPartOf\":{\"@id\":\"https:\/\/startercultures.eu\/nl\/#website\"},\"primaryImageOfPage\":{\"@id\":\"https:\/\/startercultures.eu\/nl\/product\/worst-en-vleeswaren-nl\/hulpmiddelen-nl\/koks-en-slagers-snijvaste-veiligheidshandschoenen-nl\/#primaryimage\"},\"image\":{\"@id\":\"https:\/\/startercultures.eu\/nl\/product\/worst-en-vleeswaren-nl\/hulpmiddelen-nl\/koks-en-slagers-snijvaste-veiligheidshandschoenen-nl\/#primaryimage\"},\"thumbnailUrl\":\"https:\/\/startercultures.eu\/wp-content\/uploads\/2021\/01\/Safety-gloves.png\",\"datePublished\":\"2020-07-31T16:39:31+00:00\",\"dateModified\":\"2026-04-06T13:10:22+00:00\",\"description\":\"Safety first! Werken in de keuken vereist goede scherpe messen. Met deze koks veiligheidshandschoenen snijd je jezelf nooit meer.\",\"breadcrumb\":{\"@id\":\"https:\/\/startercultures.eu\/nl\/product\/worst-en-vleeswaren-nl\/hulpmiddelen-nl\/koks-en-slagers-snijvaste-veiligheidshandschoenen-nl\/#breadcrumb\"},\"inLanguage\":\"nl-NL\",\"potentialAction\":[{\"@type\":\"ReadAction\",\"target\":[\"https:\/\/startercultures.eu\/nl\/product\/worst-en-vleeswaren-nl\/hulpmiddelen-nl\/koks-en-slagers-snijvaste-veiligheidshandschoenen-nl\/\"]}]},{\"@type\":\"ImageObject\",\"inLanguage\":\"nl-NL\",\"@id\":\"https:\/\/startercultures.eu\/nl\/product\/worst-en-vleeswaren-nl\/hulpmiddelen-nl\/koks-en-slagers-snijvaste-veiligheidshandschoenen-nl\/#primaryimage\",\"url\":\"https:\/\/startercultures.eu\/wp-content\/uploads\/2021\/01\/Safety-gloves.png\",\"contentUrl\":\"https:\/\/startercultures.eu\/wp-content\/uploads\/2021\/01\/Safety-gloves.png\",\"width\":992,\"height\":744},{\"@type\":\"BreadcrumbList\",\"@id\":\"https:\/\/startercultures.eu\/nl\/product\/worst-en-vleeswaren-nl\/hulpmiddelen-nl\/koks-en-slagers-snijvaste-veiligheidshandschoenen-nl\/#breadcrumb\",\"itemListElement\":[{\"@type\":\"ListItem\",\"position\":1,\"name\":\"Home\",\"item\":\"https:\/\/startercultures.eu\/nl\/\"},{\"@type\":\"ListItem\",\"position\":2,\"name\":\"Winkel\",\"item\":\"https:\/\/startercultures.eu\/nl\/winkel\/\"},{\"@type\":\"ListItem\",\"position\":3,\"name\":\"Koks- en slagers veiligheidshandschoenen | snijvast\"}]},{\"@type\":\"WebSite\",\"@id\":\"https:\/\/startercultures.eu\/nl\/#website\",\"url\":\"https:\/\/startercultures.eu\/nl\/\",\"name\":\"Startercultures.eu\",\"description\":\"Startercultures.eu\",\"publisher\":{\"@id\":\"https:\/\/startercultures.eu\/nl\/#organization\"},\"potentialAction\":[{\"@type\":\"SearchAction\",\"target\":{\"@type\":\"EntryPoint\",\"urlTemplate\":\"https:\/\/startercultures.eu\/nl\/?s={search_term_string}\"},\"query-input\":{\"@type\":\"PropertyValueSpecification\",\"valueRequired\":true,\"valueName\":\"search_term_string\"}}],\"inLanguage\":\"nl-NL\"},{\"@type\":\"Organization\",\"@id\":\"https:\/\/startercultures.eu\/nl\/#organization\",\"name\":\"Startercultures.eu\",\"url\":\"https:\/\/startercultures.eu\/nl\/\",\"logo\":{\"@type\":\"ImageObject\",\"inLanguage\":\"nl-NL\",\"@id\":\"https:\/\/startercultures.eu\/nl\/#\/schema\/logo\/image\/\",\"url\":\"https:\/\/startercultures.eu\/wp-content\/uploads\/2020\/08\/startercultures-eu-nl-logo-rond-rgb.png\",\"contentUrl\":\"https:\/\/startercultures.eu\/wp-content\/uploads\/2020\/08\/startercultures-eu-nl-logo-rond-rgb.png\",\"width\":320,\"height\":320,\"caption\":\"Startercultures.eu\"},\"image\":{\"@id\":\"https:\/\/startercultures.eu\/nl\/#\/schema\/logo\/image\/\"},\"sameAs\":[\"https:\/\/www.facebook.com\/startercultureseu\",\"https:\/\/www.instagram.com\/startercultures.eu\/\"]}]}<\/script>\n<meta property=\"og:availability\" content=\"instock\" \/>\n<meta property=\"product:availability\" content=\"instock\" \/>\n<meta property=\"product:retailer_item_id\" content=\"92\" \/>\n<meta property=\"product:condition\" content=\"new\" \/>\n<!-- \/ Yoast SEO plugin. -->","yoast_head_json":{"title":"Veiligheidshandschoenen voor veilig werken | starterculturen.nl","description":"Safety first! Werken in de keuken vereist goede scherpe messen. Met deze koks veiligheidshandschoenen snijd je jezelf nooit meer.","robots":{"index":"index","follow":"follow","max-snippet":"max-snippet:-1","max-image-preview":"max-image-preview:large","max-video-preview":"max-video-preview:-1"},"canonical":"https:\/\/startercultures.eu\/nl\/product\/worst-en-vleeswaren-nl\/hulpmiddelen-nl\/koks-en-slagers-snijvaste-veiligheidshandschoenen-nl\/","og_locale":"nl_NL","og_type":"article","og_title":"Veiligheidshandschoenen voor veilig werken | starterculturen.nl","og_description":"Safety first! Werken in de keuken vereist goede scherpe messen. Met deze koks veiligheidshandschoenen snijd je jezelf nooit meer.","og_url":"https:\/\/startercultures.eu\/nl\/product\/worst-en-vleeswaren-nl\/hulpmiddelen-nl\/koks-en-slagers-snijvaste-veiligheidshandschoenen-nl\/","og_site_name":"Startercultures.eu","article_publisher":"https:\/\/www.facebook.com\/startercultureseu","article_modified_time":"2026-04-06T13:10:22+00:00","og_image":[{"width":992,"height":744,"url":"https:\/\/startercultures.eu\/wp-content\/uploads\/2021\/01\/Safety-gloves.png","type":"image\/png"}],"twitter_card":"summary_large_image","twitter_misc":{"Availability":"Op voorraad"},"schema":{"@context":"https:\/\/schema.org","@graph":[{"@type":"WebPage","@id":"https:\/\/startercultures.eu\/nl\/product\/worst-en-vleeswaren-nl\/hulpmiddelen-nl\/koks-en-slagers-snijvaste-veiligheidshandschoenen-nl\/","url":"https:\/\/startercultures.eu\/nl\/product\/worst-en-vleeswaren-nl\/hulpmiddelen-nl\/koks-en-slagers-snijvaste-veiligheidshandschoenen-nl\/","name":"Veiligheidshandschoenen voor veilig werken | starterculturen.nl","isPartOf":{"@id":"https:\/\/startercultures.eu\/nl\/#website"},"primaryImageOfPage":{"@id":"https:\/\/startercultures.eu\/nl\/product\/worst-en-vleeswaren-nl\/hulpmiddelen-nl\/koks-en-slagers-snijvaste-veiligheidshandschoenen-nl\/#primaryimage"},"image":{"@id":"https:\/\/startercultures.eu\/nl\/product\/worst-en-vleeswaren-nl\/hulpmiddelen-nl\/koks-en-slagers-snijvaste-veiligheidshandschoenen-nl\/#primaryimage"},"thumbnailUrl":"https:\/\/startercultures.eu\/wp-content\/uploads\/2021\/01\/Safety-gloves.png","datePublished":"2020-07-31T16:39:31+00:00","dateModified":"2026-04-06T13:10:22+00:00","description":"Safety first! Werken in de keuken vereist goede scherpe messen. Met deze koks veiligheidshandschoenen snijd je jezelf nooit meer.","breadcrumb":{"@id":"https:\/\/startercultures.eu\/nl\/product\/worst-en-vleeswaren-nl\/hulpmiddelen-nl\/koks-en-slagers-snijvaste-veiligheidshandschoenen-nl\/#breadcrumb"},"inLanguage":"nl-NL","potentialAction":[{"@type":"ReadAction","target":["https:\/\/startercultures.eu\/nl\/product\/worst-en-vleeswaren-nl\/hulpmiddelen-nl\/koks-en-slagers-snijvaste-veiligheidshandschoenen-nl\/"]}]},{"@type":"ImageObject","inLanguage":"nl-NL","@id":"https:\/\/startercultures.eu\/nl\/product\/worst-en-vleeswaren-nl\/hulpmiddelen-nl\/koks-en-slagers-snijvaste-veiligheidshandschoenen-nl\/#primaryimage","url":"https:\/\/startercultures.eu\/wp-content\/uploads\/2021\/01\/Safety-gloves.png","contentUrl":"https:\/\/startercultures.eu\/wp-content\/uploads\/2021\/01\/Safety-gloves.png","width":992,"height":744},{"@type":"BreadcrumbList","@id":"https:\/\/startercultures.eu\/nl\/product\/worst-en-vleeswaren-nl\/hulpmiddelen-nl\/koks-en-slagers-snijvaste-veiligheidshandschoenen-nl\/#breadcrumb","itemListElement":[{"@type":"ListItem","position":1,"name":"Home","item":"https:\/\/startercultures.eu\/nl\/"},{"@type":"ListItem","position":2,"name":"Winkel","item":"https:\/\/startercultures.eu\/nl\/winkel\/"},{"@type":"ListItem","position":3,"name":"Koks- en slagers veiligheidshandschoenen | snijvast"}]},{"@type":"WebSite","@id":"https:\/\/startercultures.eu\/nl\/#website","url":"https:\/\/startercultures.eu\/nl\/","name":"Startercultures.eu","description":"Startercultures.eu","publisher":{"@id":"https:\/\/startercultures.eu\/nl\/#organization"},"potentialAction":[{"@type":"SearchAction","target":{"@type":"EntryPoint","urlTemplate":"https:\/\/startercultures.eu\/nl\/?s={search_term_string}"},"query-input":{"@type":"PropertyValueSpecification","valueRequired":true,"valueName":"search_term_string"}}],"inLanguage":"nl-NL"},{"@type":"Organization","@id":"https:\/\/startercultures.eu\/nl\/#organization","name":"Startercultures.eu","url":"https:\/\/startercultures.eu\/nl\/","logo":{"@type":"ImageObject","inLanguage":"nl-NL","@id":"https:\/\/startercultures.eu\/nl\/#\/schema\/logo\/image\/","url":"https:\/\/startercultures.eu\/wp-content\/uploads\/2020\/08\/startercultures-eu-nl-logo-rond-rgb.png","contentUrl":"https:\/\/startercultures.eu\/wp-content\/uploads\/2020\/08\/startercultures-eu-nl-logo-rond-rgb.png","width":320,"height":320,"caption":"Startercultures.eu"},"image":{"@id":"https:\/\/startercultures.eu\/nl\/#\/schema\/logo\/image\/"},"sameAs":["https:\/\/www.facebook.com\/startercultureseu","https:\/\/www.instagram.com\/startercultures.eu\/"]}]},"og_availability":"instock","product_availability":"instock","product_retailer_item_id":"92","product_condition":"new"},"_links":{"self":[{"href":"https:\/\/startercultures.eu\/nl\/wp-json\/wp\/v2\/product\/6997","targetHints":{"allow":["GET"]}}],"collection":[{"href":"https:\/\/startercultures.eu\/nl\/wp-json\/wp\/v2\/product"}],"about":[{"href":"https:\/\/startercultures.eu\/nl\/wp-json\/wp\/v2\/types\/product"}],"replies":[{"embeddable":true,"href":"https:\/\/startercultures.eu\/nl\/wp-json\/wp\/v2\/comments?post=6997"}],"version-history":[{"count":0,"href":"https:\/\/startercultures.eu\/nl\/wp-json\/wp\/v2\/product\/6997\/revisions"}],"wp:featuredmedia":[{"embeddable":true,"href":"https:\/\/startercultures.eu\/nl\/wp-json\/wp\/v2\/media\/14538"}],"wp:attachment":[{"href":"https:\/\/startercultures.eu\/nl\/wp-json\/wp\/v2\/media?parent=6997"}],"wp:term":[{"taxonomy":"product_brand","embeddable":true,"href":"https:\/\/startercultures.eu\/nl\/wp-json\/wp\/v2\/product_brand?post=6997"},{"taxonomy":"product_cat","embeddable":true,"href":"https:\/\/startercultures.eu\/nl\/wp-json\/wp\/v2\/product_cat?post=6997"},{"taxonomy":"product_tag","embeddable":true,"href":"https:\/\/startercultures.eu\/nl\/wp-json\/wp\/v2\/product_tag?post=6997"}],"curies":[{"name":"wp","href":"https:\/\/api.w.org\/{rel}","templated":true}]}}