{"id":74424,"date":"2020-07-31T16:33:00","date_gmt":"2020-07-31T16:33:00","guid":{"rendered":"https:\/\/startercultures.eu\/?post_type=product&#038;p=74424"},"modified":"2026-04-10T19:18:06","modified_gmt":"2026-04-10T17:18:06","slug":"zelf-waterkefir-maken-waterkefir-starter","status":"publish","type":"product","link":"https:\/\/startercultures.eu\/nl\/product\/fermentation-nl\/frisdrank-nl\/zelf-waterkefir-maken-waterkefir-starter\/","title":{"rendered":"Zelf waterkefir maken | waterkefir starter"},"content":{"rendered":"<p>Maak je eigen probiotische bubbelende gefermenteerde frisdrank met deze waterkefir starter! Genoeg voor wel 16 liter.<\/p>\n<h3>Wat is waterkefir?<\/h3>\n<p>Waterkefir is een heerlijke zelfgemaakte en gezonde gefermenteerde frisdrank. Zelf waterkefir maken is verbijsterend eenvoudig, tintelend fris, ontzettend lekker en gezond. Verderop lees je het recept voor het maken van waterkefir. Deze DIY-champagnes bevatten ongeveer een half procent alcohol.<\/p>\n<h3>Wat is het verschil tussen waterkefir en melkkefir?<\/h3>\n<p>Hoewel het de naam deelt met die andere kefir die we maken van melk, zijn die twee helemaal niet aan elkaar gerelateerd. Toegegeven, waterkefirkorrels eten suikers en produceren daarbij koolzuur, melkzuur en alcohol en ze groeien en vormen klonterige SCOBY\u2019s, symbiotische koloni\u00ebn van bacteri\u00ebn en gisten. Maar daar houden de overeenkomsten ook wel weer mee op.\u00a0<a href=\"https:\/\/startercultures.eu\/nl\/product\/zuivel-ook-vegan-nl\/yoghurt-nl\/kefir-nl\/\">Hier vind je melkkefir.<\/a><\/p>\n<h3>Wat is het verschil tussen waterkefir en kombucha?<\/h3>\n<p>Waterkefir en kombucha zijn allebei gefermenteerde dranken. Allebei bevatten ze verschillende bacteri\u00ebn en gisten, en allebei zijn ze heerlijk fris en bevatten koolzuur. Ze worden echter met heel andere micro-organismen gemaakt. De smaak van kombucha is vaak wat zuurder dan waterkefir. Kombucha wordt traditioneel gemaakt van zoete thee, en waterkefir bevat vaak dadels en vijgen. <a href=\"https:\/\/startercultures.eu\/nl\/product\/vegan-nl\/frisdrank-nl\/biologische-komboecha-scoby-nl\/\">Hier lees je meer over onze kombuchastarter.<\/a><\/p>\n<h3>Welke micro-organismen zitten er in waterkefir?<\/h3>\n<p>Hoewel geen twee waterkefirkoloni\u00ebn hetzelfde zijn, bestaan ze over het algemeen uit een reeks <em>Lactobacillus-<\/em>, <em>Streptococcus-<\/em>, <em>Pediococcus-<\/em> en <em>Leuconostocbacteri\u00ebn<\/em> en <em>Saccharomyces-<\/em>, <em>Candida<\/em>&#8211; en <em>Kloeckeragisten<\/em>.<\/p>\n<h3>Waar komt waterkefir vandaan?<\/h3>\n<p>De oorsprong van waterkefir is niet helemaal duidelijk, maar het wordt op meerdere plekken in de wereld gemaakt. Andere benamingen zijn onder andere tibicos, tibi, b\u00e9b\u00e9\u00e9s of Japanse waterkristallen.<\/p>\n<h3>Inhoud<\/h3>\n<ul>\n<li>2&#215;5 gram gedroogde waterkefir starter<\/li>\n<li>Genoeg voor tot wel 16 liter! We hebben ook de echte waterkefirkorrels waarmee je onbeperkt door kunt gaan, <a href=\"https:\/\/startercultures.eu\/nl\/product\/frisdrank-nl\/starters-nl\/zelf-waterkefir-maken-echte-waterkefirkorrels\/\">check ze hier<\/a>.<\/li>\n<li>Geproduceerd in Frankrijk<\/li>\n<li>Gecertificeerd biologisch<\/li>\n<li>Glutenvrij<\/li>\n<li>GMO-vrij<\/li>\n<li><span style=\"color: #000000;\"><span style=\"font-family: var(--font-family-sb);\">Samenstelling:<\/span>\u00a0<\/span>bruine rietsuiker, waterkefir micro-organismen\u00a0(<em>Lactobacillus, Lactococcus, Leuconostoc, Saccharomyces, Acetobacter)<\/em>.<\/li>\n<\/ul>\n<h3>Waarom kiezen voor onze gevriesdroogde waterkefir starter?<\/h3>\n<ul>\n<li>Verse waterkefirkorrels zijn moeilijk te onderhouden, deze gevriesdroogde starter is super makkelijk.<\/li>\n<li>Verse waterkefirkorrels zijn soms besmet met ongewenste micro-organismen. Onze starter is gegarandeerd veilig.<\/li>\n<li>Makkelijk te verschepen\/mee te nemen, ook naar het buitenland.<\/li>\n<li>Gaat niet achteruit door vervoer.<\/li>\n<li>Licht in gewicht (verzendkosten).<\/li>\n<li>Je kunt ze al aanschaffen, ook als je niet direct die week van plan bent waterkefir te maken.<\/li>\n<li>Na het activeren is de smaak van onze waterkefir identiek aan die van verse korrels.<\/li>\n<\/ul>\n<h3>Hoe maak je zelf waterkefir?<\/h3>\n<p>In dit recept voor waterkefir leer je hoe je zelf deze heerlijke frisdrank maakt. De basis van je waterkefir bestaat uit onze starter, water, suiker en smaakstoffen naar keuze. Vaak zijn dat (citrus)vruchten, al dan niet gedroogd, maar de variatie is eindeloos. Vruchtensappen, kruiden, specerijen, gember, you name it. Anders dan bij melkkefir of kombucha is de smaak die de micro-organismen zelf afgeven vrij neutraal. De bubbels staan centraal. Eigenlijk is het vooral een goede manier om in enkele dagen van je gewone zelfgemaakte limonade zelfgemaakte priklimonade te maken. De DIY-champagnes bevatten ongeveer een half procent alcohol.<\/p>\n<p><strong>Benodigdheden<\/strong><\/p>\n<ul>\n<li>Fles, pot, plastic bak, <em>whatever<\/em> voor eerste fermentatie<\/li>\n<li>Vergiet<\/li>\n<li>Sterke en afsluitbare fles (beugelflessen, PET-fles, champagnefles + kurk) voor 2<sup>e<\/sup> fermentatie<\/li>\n<\/ul>\n<p><strong>Ingredi\u00ebnten voor 1 liter waterkefir<\/strong><\/p>\n<ul>\n<li>1 zakje waterkefirstarter<\/li>\n<li>1 liter water<\/li>\n<li>1 \u00e0 2 schijfjes citroen<\/li>\n<li>1 \u00e0 2 gedroogde vruchten (vijg, abrikoos, \u2026)<\/li>\n<li>2 \u00e0 3 eetlepels kristalsuiker<\/li>\n<\/ul>\n<p><strong>Aan de slag, voor 1 liter waterkefir:<\/strong><\/p>\n<ol>\n<li>Neem een liter water. Kraanwater is prima, het liefst zelfs een beetje hard.<\/li>\n<li>Los er de suiker en onze waterkefirstarter in op.<\/li>\n<li>Voeg het fruit en de smaakmakers toe.<\/li>\n<li>Laat 48 uur gisten bij kamertemperatuur (20-25 \u00b0 C).\u00a0Wanneer het gedroogde fruit aan de oppervlakte komt, is je kefir klaar.\u00a0Filter de inhoud met een vergiet om het fruit te verwijderen.<\/li>\n<li>Zeef en giet de waterkefir in een afsluitbare PET-fles, beugelfles of champagnefles. Voeg eventueel extra smaakmakers toe en laat 24-48 uur bij kamertemperatuur op druk komen.<\/li>\n<li>Laat afkoelen in de koelkast.<\/li>\n<li>Serveer en geniet.<\/li>\n<\/ol>\n<p><strong>Meer waterkefir maken, tot wel 16 liter<\/strong><\/p>\n<ol>\n<li>De waterkefir kan tot 8x\u00a0 gebruikt worden onder voorbehoud van goed hygi\u00ebne.<\/li>\n<li>Maak gewoon nieuwe waterkefir met 100 ml van je vorige batch.<\/li>\n<\/ol>\n<h3 data-fontsize=\"21\" data-lineheight=\"27.3px\">Waterkefir starter kopen?<\/h3>\n<p>Je bestelt de waterkefir starter bij starterculturen.nl, d\u00e9 webwinkel voor al je tempeh, koji en tofu. Van Meneer Wateetons de auteur van de standaardwerken <a href=\"https:\/\/www.starterculturen.nl\/a-52122580\/boeken\/over-rot-2015-het-handboek-fermenteren\/\" target=\"_blank\" rel=\"noopener noreferrer\">Over Rot (2015)<\/a> en<a href=\"https:\/\/startercultures.eu\/nl\/product\/boeken\/over-inpakken-2020-nl\/\" target=\"_blank\" rel=\"noopener\"> Over Inpakken (2020)<\/a>. Op werkdagen voor 15:00 besteld, dezelfde dag verzonden.\u00a0 Vragen over het gebruik van de waterkefir starter? Stel ze via de chatfunctie. We komen er altijd uit.<\/p>\n<h3><strong>Meer leren over fermenteren?<\/strong><\/h3>\n<p>Lees <a href=\"https:\/\/www.starterculturen.nl\/a-52122580\/boeken\/over-rot-2015-het-handboek-fermenteren\/\">Over Rot<\/a>, of volg een <a href=\"https:\/\/wateetons.com\/wateetons-workshops\/category\/fermenteren\/\">workshop,<\/a> ook voor bedrijven en instellingen!<\/p>\n<h3 class=\"product_title entry-title\">Online cursus \u2018waterkefir maken\u2019<img decoding=\"async\" class=\"lazyload  wp-image-10938 alignright\" src=\"https:\/\/startercultures.eu\/wp-content\/uploads\/2021\/01\/workshop-fermenteren-400x400-1-300x300.png\" data-orig-src=\"https:\/\/startercultures.eu\/wp-content\/uploads\/2021\/01\/workshop-fermenteren-400x400-1-300x300.png\" alt=\"Workshop fermenteren meneer wateetons\" width=\"87\" height=\"87\" srcset=\"data:image\/svg+xml,%3Csvg%20xmlns%3D%27http%3A%2F%2Fwww.w3.org%2F2000%2Fsvg%27%20width%3D%2787%27%20height%3D%2787%27%20viewBox%3D%270%200%2087%2087%27%3E%3Crect%20width%3D%2787%27%20height%3D%2787%27%20fill-opacity%3D%220%22%2F%3E%3C%2Fsvg%3E\" data-srcset=\"https:\/\/startercultures.eu\/wp-content\/uploads\/2021\/01\/workshop-fermenteren-400x400-1-66x66.png 66w, https:\/\/startercultures.eu\/wp-content\/uploads\/2021\/01\/workshop-fermenteren-400x400-1-70x70.png 70w, https:\/\/startercultures.eu\/wp-content\/uploads\/2021\/01\/workshop-fermenteren-400x400-1-100x100.png 100w, https:\/\/startercultures.eu\/wp-content\/uploads\/2021\/01\/workshop-fermenteren-400x400-1-150x150.png 150w, https:\/\/startercultures.eu\/wp-content\/uploads\/2021\/01\/workshop-fermenteren-400x400-1-200x200.png 200w, https:\/\/startercultures.eu\/wp-content\/uploads\/2021\/01\/workshop-fermenteren-400x400-1-300x300.png 300w, https:\/\/startercultures.eu\/wp-content\/uploads\/2021\/01\/workshop-fermenteren-400x400-1.png 400w\" data-sizes=\"auto\" data-orig-sizes=\"(max-width: 87px) 100vw, 87px\" \/><\/h3>\n<p>Tijdens deze <a href=\"https:\/\/startercultures.eu\/nl\/product\/online-workshops-nl\/online-cursus-waterkefir-maken\/\" target=\"_blank\" rel=\"noopener\">Online cursus \u2018waterkefir maken\u2019<\/a> leert foodwriter, fermentatie-expert en auteur van\u00a0<a href=\"https:\/\/startercultures.eu\/nl\/product\/boeken\/over-rot-2-0-2019-het-geactualiseerde-handboek-fermenteren-nl\/\" target=\"_blank\" rel=\"noreferrer noopener\">Over Rot<\/a>\u00a0Meneer Wateetons je alles over het maken van waterkefir. Waterkefir is een heerlijke zelfgemaakte gefermenteerde frisdrank. Zelf waterkefir maken is verbijsterend eenvoudig, tintelend fris, ontzettend lekker en biedt eindeloze smaakmogelijkheden.<\/p>\n","protected":false},"excerpt":{"rendered":"<p>Waterkefir is een heerlijke zelfgemaakte en gezonde gefermenteerde frisdrank. Maak je eigen heerlijke en gezonde probiotische bubbelende gefermenteerde frisdrank met deze waterkefirstarter. Genoeg voor wel 16 liter.<\/p>\n","protected":false},"featured_media":64212,"comment_status":"open","ping_status":"closed","template":"","meta":{"_acf_changed":false,"footnotes":""},"product_brand":[],"product_cat":[28,92,384],"product_tag":[],"class_list":{"0":"post-74424","1":"product","2":"type-product","3":"status-publish","4":"has-post-thumbnail","6":"product_cat-frisdrank-nl","8":"product_cat-starters-nl","9":"pa_ean-3176800001640-nl","11":"first","12":"instock","13":"taxable","14":"shipping-taxable","15":"purchasable","16":"product-type-simple"},"acf":[],"yoast_head":"<!-- This site is optimized with the Yoast SEO plugin v26.6 - https:\/\/yoast.com\/wordpress\/plugins\/seo\/ -->\n<title>Zelf waterkefir maken | waterkefir starter - Startercultures.eu<\/title>\n<meta name=\"robots\" content=\"index, follow, max-snippet:-1, max-image-preview:large, max-video-preview:-1\" \/>\n<link rel=\"canonical\" href=\"https:\/\/startercultures.eu\/nl\/product\/fermentation-nl\/frisdrank-nl\/zelf-waterkefir-maken-waterkefir-starter\/\" \/>\n<meta property=\"og:locale\" content=\"nl_NL\" \/>\n<meta property=\"og:type\" content=\"article\" \/>\n<meta property=\"og:title\" content=\"Zelf waterkefir maken | waterkefir starter - Startercultures.eu\" \/>\n<meta property=\"og:description\" content=\"Waterkefir is een heerlijke zelfgemaakte en gezonde gefermenteerde frisdrank. Maak je eigen heerlijke en gezonde probiotische bubbelende gefermenteerde frisdrank met deze waterkefirstarter. Genoeg voor wel 16 liter.\" \/>\n<meta property=\"og:url\" content=\"https:\/\/startercultures.eu\/nl\/product\/fermentation-nl\/frisdrank-nl\/zelf-waterkefir-maken-waterkefir-starter\/\" \/>\n<meta property=\"og:site_name\" content=\"Startercultures.eu\" \/>\n<meta property=\"article:publisher\" content=\"https:\/\/www.facebook.com\/startercultureseu\" \/>\n<meta property=\"article:modified_time\" content=\"2026-04-10T17:18:06+00:00\" \/>\n<meta property=\"og:image\" content=\"https:\/\/startercultures.eu\/wp-content\/uploads\/2020\/07\/Kefir.png\" \/>\n\t<meta property=\"og:image:width\" content=\"1250\" \/>\n\t<meta property=\"og:image:height\" content=\"1130\" \/>\n\t<meta property=\"og:image:type\" content=\"image\/png\" \/>\n<meta name=\"twitter:card\" content=\"summary_large_image\" \/>\n<meta name=\"twitter:label1\" content=\"Price\" \/>\n\t<meta name=\"twitter:data1\" content=\"&euro;11,99\" \/>\n\t<meta name=\"twitter:label2\" content=\"Availability\" \/>\n\t<meta name=\"twitter:data2\" content=\"Op voorraad\" \/>\n<script type=\"application\/ld+json\" class=\"yoast-schema-graph\">{\"@context\":\"https:\/\/schema.org\",\"@graph\":[{\"@type\":\"WebPage\",\"@id\":\"https:\/\/startercultures.eu\/nl\/product\/fermentation-nl\/frisdrank-nl\/zelf-waterkefir-maken-waterkefir-starter\/\",\"url\":\"https:\/\/startercultures.eu\/nl\/product\/fermentation-nl\/frisdrank-nl\/zelf-waterkefir-maken-waterkefir-starter\/\",\"name\":\"Zelf waterkefir maken | waterkefir starter - Startercultures.eu\",\"isPartOf\":{\"@id\":\"https:\/\/startercultures.eu\/nl\/#website\"},\"primaryImageOfPage\":{\"@id\":\"https:\/\/startercultures.eu\/nl\/product\/fermentation-nl\/frisdrank-nl\/zelf-waterkefir-maken-waterkefir-starter\/#primaryimage\"},\"image\":{\"@id\":\"https:\/\/startercultures.eu\/nl\/product\/fermentation-nl\/frisdrank-nl\/zelf-waterkefir-maken-waterkefir-starter\/#primaryimage\"},\"thumbnailUrl\":\"https:\/\/startercultures.eu\/wp-content\/uploads\/2020\/07\/Kefir.png\",\"datePublished\":\"2020-07-31T16:33:00+00:00\",\"dateModified\":\"2026-04-10T17:18:06+00:00\",\"breadcrumb\":{\"@id\":\"https:\/\/startercultures.eu\/nl\/product\/fermentation-nl\/frisdrank-nl\/zelf-waterkefir-maken-waterkefir-starter\/#breadcrumb\"},\"inLanguage\":\"nl-NL\",\"potentialAction\":[{\"@type\":\"ReadAction\",\"target\":[\"https:\/\/startercultures.eu\/nl\/product\/fermentation-nl\/frisdrank-nl\/zelf-waterkefir-maken-waterkefir-starter\/\"]}]},{\"@type\":\"ImageObject\",\"inLanguage\":\"nl-NL\",\"@id\":\"https:\/\/startercultures.eu\/nl\/product\/fermentation-nl\/frisdrank-nl\/zelf-waterkefir-maken-waterkefir-starter\/#primaryimage\",\"url\":\"https:\/\/startercultures.eu\/wp-content\/uploads\/2020\/07\/Kefir.png\",\"contentUrl\":\"https:\/\/startercultures.eu\/wp-content\/uploads\/2020\/07\/Kefir.png\",\"width\":1250,\"height\":1130,\"caption\":\"waterkefir\"},{\"@type\":\"BreadcrumbList\",\"@id\":\"https:\/\/startercultures.eu\/nl\/product\/fermentation-nl\/frisdrank-nl\/zelf-waterkefir-maken-waterkefir-starter\/#breadcrumb\",\"itemListElement\":[{\"@type\":\"ListItem\",\"position\":1,\"name\":\"Home\",\"item\":\"https:\/\/startercultures.eu\/nl\/\"},{\"@type\":\"ListItem\",\"position\":2,\"name\":\"Winkel\",\"item\":\"https:\/\/startercultures.eu\/nl\/winkel\/\"},{\"@type\":\"ListItem\",\"position\":3,\"name\":\"Zelf waterkefir maken | waterkefir starter\"}]},{\"@type\":\"WebSite\",\"@id\":\"https:\/\/startercultures.eu\/nl\/#website\",\"url\":\"https:\/\/startercultures.eu\/nl\/\",\"name\":\"Startercultures.eu\",\"description\":\"Startercultures.eu\",\"publisher\":{\"@id\":\"https:\/\/startercultures.eu\/nl\/#organization\"},\"potentialAction\":[{\"@type\":\"SearchAction\",\"target\":{\"@type\":\"EntryPoint\",\"urlTemplate\":\"https:\/\/startercultures.eu\/nl\/?s={search_term_string}\"},\"query-input\":{\"@type\":\"PropertyValueSpecification\",\"valueRequired\":true,\"valueName\":\"search_term_string\"}}],\"inLanguage\":\"nl-NL\"},{\"@type\":\"Organization\",\"@id\":\"https:\/\/startercultures.eu\/nl\/#organization\",\"name\":\"Startercultures.eu\",\"url\":\"https:\/\/startercultures.eu\/nl\/\",\"logo\":{\"@type\":\"ImageObject\",\"inLanguage\":\"nl-NL\",\"@id\":\"https:\/\/startercultures.eu\/nl\/#\/schema\/logo\/image\/\",\"url\":\"https:\/\/startercultures.eu\/wp-content\/uploads\/2020\/08\/startercultures-eu-nl-logo-rond-rgb.png\",\"contentUrl\":\"https:\/\/startercultures.eu\/wp-content\/uploads\/2020\/08\/startercultures-eu-nl-logo-rond-rgb.png\",\"width\":320,\"height\":320,\"caption\":\"Startercultures.eu\"},\"image\":{\"@id\":\"https:\/\/startercultures.eu\/nl\/#\/schema\/logo\/image\/\"},\"sameAs\":[\"https:\/\/www.facebook.com\/startercultureseu\",\"https:\/\/www.instagram.com\/startercultures.eu\/\"],\"hasMerchantReturnPolicy\":{\"@type\":\"MerchantReturnPolicy\",\"merchantReturnLink\":\"https:\/\/startercultures.eu\/return-policy\/\"}}]}<\/script>\n<meta property=\"product:price:amount\" content=\"11.99\" \/>\n<meta property=\"product:price:currency\" content=\"EUR\" \/>\n<meta property=\"og:availability\" content=\"instock\" \/>\n<meta property=\"product:availability\" content=\"instock\" \/>\n<meta property=\"product:retailer_item_id\" content=\"41\" \/>\n<meta property=\"product:condition\" content=\"new\" \/>\n<!-- \/ Yoast SEO plugin. -->","yoast_head_json":{"title":"Zelf waterkefir maken | waterkefir starter - Startercultures.eu","robots":{"index":"index","follow":"follow","max-snippet":"max-snippet:-1","max-image-preview":"max-image-preview:large","max-video-preview":"max-video-preview:-1"},"canonical":"https:\/\/startercultures.eu\/nl\/product\/fermentation-nl\/frisdrank-nl\/zelf-waterkefir-maken-waterkefir-starter\/","og_locale":"nl_NL","og_type":"article","og_title":"Zelf waterkefir maken | waterkefir starter - Startercultures.eu","og_description":"Waterkefir is een heerlijke zelfgemaakte en gezonde gefermenteerde frisdrank. Maak je eigen heerlijke en gezonde probiotische bubbelende gefermenteerde frisdrank met deze waterkefirstarter. Genoeg voor wel 16 liter.","og_url":"https:\/\/startercultures.eu\/nl\/product\/fermentation-nl\/frisdrank-nl\/zelf-waterkefir-maken-waterkefir-starter\/","og_site_name":"Startercultures.eu","article_publisher":"https:\/\/www.facebook.com\/startercultureseu","article_modified_time":"2026-04-10T17:18:06+00:00","og_image":[{"width":1250,"height":1130,"url":"https:\/\/startercultures.eu\/wp-content\/uploads\/2020\/07\/Kefir.png","type":"image\/png"}],"twitter_card":"summary_large_image","twitter_misc":{"Price":"&euro;11,99","Availability":"Op voorraad"},"schema":{"@context":"https:\/\/schema.org","@graph":[{"@type":"WebPage","@id":"https:\/\/startercultures.eu\/nl\/product\/fermentation-nl\/frisdrank-nl\/zelf-waterkefir-maken-waterkefir-starter\/","url":"https:\/\/startercultures.eu\/nl\/product\/fermentation-nl\/frisdrank-nl\/zelf-waterkefir-maken-waterkefir-starter\/","name":"Zelf waterkefir maken | waterkefir starter - Startercultures.eu","isPartOf":{"@id":"https:\/\/startercultures.eu\/nl\/#website"},"primaryImageOfPage":{"@id":"https:\/\/startercultures.eu\/nl\/product\/fermentation-nl\/frisdrank-nl\/zelf-waterkefir-maken-waterkefir-starter\/#primaryimage"},"image":{"@id":"https:\/\/startercultures.eu\/nl\/product\/fermentation-nl\/frisdrank-nl\/zelf-waterkefir-maken-waterkefir-starter\/#primaryimage"},"thumbnailUrl":"https:\/\/startercultures.eu\/wp-content\/uploads\/2020\/07\/Kefir.png","datePublished":"2020-07-31T16:33:00+00:00","dateModified":"2026-04-10T17:18:06+00:00","breadcrumb":{"@id":"https:\/\/startercultures.eu\/nl\/product\/fermentation-nl\/frisdrank-nl\/zelf-waterkefir-maken-waterkefir-starter\/#breadcrumb"},"inLanguage":"nl-NL","potentialAction":[{"@type":"ReadAction","target":["https:\/\/startercultures.eu\/nl\/product\/fermentation-nl\/frisdrank-nl\/zelf-waterkefir-maken-waterkefir-starter\/"]}]},{"@type":"ImageObject","inLanguage":"nl-NL","@id":"https:\/\/startercultures.eu\/nl\/product\/fermentation-nl\/frisdrank-nl\/zelf-waterkefir-maken-waterkefir-starter\/#primaryimage","url":"https:\/\/startercultures.eu\/wp-content\/uploads\/2020\/07\/Kefir.png","contentUrl":"https:\/\/startercultures.eu\/wp-content\/uploads\/2020\/07\/Kefir.png","width":1250,"height":1130,"caption":"waterkefir"},{"@type":"BreadcrumbList","@id":"https:\/\/startercultures.eu\/nl\/product\/fermentation-nl\/frisdrank-nl\/zelf-waterkefir-maken-waterkefir-starter\/#breadcrumb","itemListElement":[{"@type":"ListItem","position":1,"name":"Home","item":"https:\/\/startercultures.eu\/nl\/"},{"@type":"ListItem","position":2,"name":"Winkel","item":"https:\/\/startercultures.eu\/nl\/winkel\/"},{"@type":"ListItem","position":3,"name":"Zelf waterkefir maken | waterkefir starter"}]},{"@type":"WebSite","@id":"https:\/\/startercultures.eu\/nl\/#website","url":"https:\/\/startercultures.eu\/nl\/","name":"Startercultures.eu","description":"Startercultures.eu","publisher":{"@id":"https:\/\/startercultures.eu\/nl\/#organization"},"potentialAction":[{"@type":"SearchAction","target":{"@type":"EntryPoint","urlTemplate":"https:\/\/startercultures.eu\/nl\/?s={search_term_string}"},"query-input":{"@type":"PropertyValueSpecification","valueRequired":true,"valueName":"search_term_string"}}],"inLanguage":"nl-NL"},{"@type":"Organization","@id":"https:\/\/startercultures.eu\/nl\/#organization","name":"Startercultures.eu","url":"https:\/\/startercultures.eu\/nl\/","logo":{"@type":"ImageObject","inLanguage":"nl-NL","@id":"https:\/\/startercultures.eu\/nl\/#\/schema\/logo\/image\/","url":"https:\/\/startercultures.eu\/wp-content\/uploads\/2020\/08\/startercultures-eu-nl-logo-rond-rgb.png","contentUrl":"https:\/\/startercultures.eu\/wp-content\/uploads\/2020\/08\/startercultures-eu-nl-logo-rond-rgb.png","width":320,"height":320,"caption":"Startercultures.eu"},"image":{"@id":"https:\/\/startercultures.eu\/nl\/#\/schema\/logo\/image\/"},"sameAs":["https:\/\/www.facebook.com\/startercultureseu","https:\/\/www.instagram.com\/startercultures.eu\/"],"hasMerchantReturnPolicy":{"@type":"MerchantReturnPolicy","merchantReturnLink":"https:\/\/startercultures.eu\/return-policy\/"}}]},"product_price_amount":"11.99","product_price_currency":"EUR","og_availability":"instock","product_availability":"instock","product_retailer_item_id":"41","product_condition":"new"},"_links":{"self":[{"href":"https:\/\/startercultures.eu\/nl\/wp-json\/wp\/v2\/product\/74424","targetHints":{"allow":["GET"]}}],"collection":[{"href":"https:\/\/startercultures.eu\/nl\/wp-json\/wp\/v2\/product"}],"about":[{"href":"https:\/\/startercultures.eu\/nl\/wp-json\/wp\/v2\/types\/product"}],"replies":[{"embeddable":true,"href":"https:\/\/startercultures.eu\/nl\/wp-json\/wp\/v2\/comments?post=74424"}],"version-history":[{"count":4,"href":"https:\/\/startercultures.eu\/nl\/wp-json\/wp\/v2\/product\/74424\/revisions"}],"predecessor-version":[{"id":75569,"href":"https:\/\/startercultures.eu\/nl\/wp-json\/wp\/v2\/product\/74424\/revisions\/75569"}],"wp:featuredmedia":[{"embeddable":true,"href":"https:\/\/startercultures.eu\/nl\/wp-json\/wp\/v2\/media\/64212"}],"wp:attachment":[{"href":"https:\/\/startercultures.eu\/nl\/wp-json\/wp\/v2\/media?parent=74424"}],"wp:term":[{"taxonomy":"product_brand","embeddable":true,"href":"https:\/\/startercultures.eu\/nl\/wp-json\/wp\/v2\/product_brand?post=74424"},{"taxonomy":"product_cat","embeddable":true,"href":"https:\/\/startercultures.eu\/nl\/wp-json\/wp\/v2\/product_cat?post=74424"},{"taxonomy":"product_tag","embeddable":true,"href":"https:\/\/startercultures.eu\/nl\/wp-json\/wp\/v2\/product_tag?post=74424"}],"curies":[{"name":"wp","href":"https:\/\/api.w.org\/{rel}","templated":true}]}}